{"id":1013,"date":"2015-06-19T19:04:16","date_gmt":"2015-02-28T21:05:01","guid":{"rendered":"http:\/\/elmuseoreimaginado.com\/2015\/programa-2\/"},"modified":"2024-05-21T22:19:46","modified_gmt":"2024-05-21T22:19:46","slug":"programa-2","status":"publish","type":"page","link":"https:\/\/elmuseoreimaginado.com\/2015\/en\/programa-2\/","title":{"rendered":"Program"},"content":{"rendered":"<p>3 days of intensive dialogues and interaction and more than 50 sessions. Translation was be provided into English, Spanish and Portuguese.<br \/>\n<div id=\"accordion-2\" class=\"accordion no-js\" role=\"tablist\"><br \/>\n<h3 id=\"keynotes\" class=\"accordion-title\" role=\"tab\" aria-controls=\"content-keynotes\" aria-selected=\"false\" aria-expanded=\"false\">Keynotes<\/h3><div id=\"content-keynotes\" class=\"accordion-content\" role=\"tabpanel\" aria-labelledby=\"keynotes\" aria-hidden=\"true\">Influential cultural thought leaders shared new insights\u00a0into reimagining\u00a0the museums of the 21st Century.<br \/>\n<\/div><br \/>\n<h3 id=\"dialogue-panels\" class=\"accordion-title\" role=\"tab\" aria-controls=\"content-dialogue-panels\" aria-selected=\"false\" aria-expanded=\"false\">Dialogue panels<\/h3><div id=\"content-dialogue-panels\" class=\"accordion-content\" role=\"tabpanel\" aria-labelledby=\"dialogue-panels\" aria-hidden=\"true\">One moderator and 4\u00a0subject matter experts\u00a0from around\u00a0the world discussed timely\u00a0issues in the museum field. There were\u00a0more than 50 presenters\u00a0from Argentina, Chile, Peru, Brazil, Colombia, Paraguay, Guatemala, Panama, Uruguay, Mexico, USA, the UK and more!<\/div><br \/>\n<h3 id=\"workshops\" class=\"accordion-title\" role=\"tab\" aria-controls=\"content-workshops\" aria-selected=\"false\" aria-expanded=\"false\">Workshops<\/h3><div id=\"content-workshops\" class=\"accordion-content\" role=\"tabpanel\" aria-labelledby=\"workshops\" aria-hidden=\"true\">Registration included participation in two workshops:<br \/>\n1 plenary\u00a0workshop for all attendees of <strong>Reimagining the Museum<\/strong><br \/>\n1 elective workshop to work on a specific topic in small intensive discussion groups.<br \/>\n<\/div><br \/>\n<h3 id=\"the-trial\" class=\"accordion-title\" role=\"tab\" aria-controls=\"content-the-trial\" aria-selected=\"false\" aria-expanded=\"false\">The trial<\/h3><div id=\"content-the-trial\" class=\"accordion-content\" role=\"tabpanel\" aria-labelledby=\"the-trial\" aria-hidden=\"true\">In a trial-like session format hear opposing points of view on whether the use of mobile devices detracts or enhances the visitor experience in museums. Colleagues will assume the role of a magistrate, prosecutor, attorney and witnesses to debate the issue. The audience decided the verdict. <\/div><br \/>\n<h3 id=\"on-stage\" class=\"accordion-title\" role=\"tab\" aria-controls=\"content-on-stage\" aria-selected=\"false\" aria-expanded=\"false\">On stage<\/h3><div id=\"content-on-stage\" class=\"accordion-content\" role=\"tabpanel\" aria-labelledby=\"on-stage\" aria-hidden=\"true\">6 minute rapid fire sessions covering 16 innovative case studies. The frustration that turned into the best possible learning experience, the adventurous life of museum professional, a creative solution that makes you feel proud &#8212; and other fascinating experiences!<\/div><br \/>\n<h3 id=\"the-crowning-event\" class=\"accordion-title\" role=\"tab\" aria-controls=\"content-the-crowning-event\" aria-selected=\"false\" aria-expanded=\"false\">The crowning event<\/h3><div id=\"content-the-crowning-event\" class=\"accordion-content\" role=\"tabpanel\" aria-labelledby=\"the-crowning-event\" aria-hidden=\"true\">A competition of new projects when five selected participants presented their ideas before a jury who deliberated and selected the winner. The best plan was be crowned by <strong>Reimagining the Museum<\/strong>.<\/div><br \/>\n<h3 id=\"networking-activities\" class=\"accordion-title\" role=\"tab\" aria-controls=\"content-networking-activities\" aria-selected=\"false\" aria-expanded=\"false\">Networking activities<\/h3><div id=\"content-networking-activities\" class=\"accordion-content\" role=\"tabpanel\" aria-labelledby=\"networking-activities\" aria-hidden=\"true\">\u00a0One of the main objectives of <b>Reimagining the Museum <\/b>is to promote networking among attendees through professional exchanges and informal activities.\u00a0Meeting face-to-face and developing professional relationships with others interested in reimagining the museums of the Americas is crucial. With this in mind, in addition to dialogue sessions and workshops we designed a series of informal networking activities and events. We invited you to participate in any of the following options:<\/p>\n<ul>\n<li>18 themed conversations during the lunch hour at the TyPA\/Caf\u00e9 designed to encourage conversation on potential collaborations and partnerships<\/li>\n<li>5 visits and receptions at prominent Buenos Aires museums<\/li>\n<li>3 opportunities to understand the thinking of three of our guest speakers<\/li>\n<li>a pop-up museum focused on our passion for museums<\/li>\n<li>a digital platform for professional networking<\/li>\n<li>a closing party with music and dancing<\/li>\n<li>and much, much, more!<\/li>\n<\/ul>\n<p><\/div><br \/>\n<h3 id=\"expo\" class=\"accordion-title\" role=\"tab\" aria-controls=\"content-expo\" aria-selected=\"false\" aria-expanded=\"false\">Expo<\/h3><div id=\"content-expo\" class=\"accordion-content\" role=\"tabpanel\" aria-labelledby=\"expo\" aria-hidden=\"true\">\u00a0The Expo was a privileged exhibition space and meeting point with museum suppliers and cultural organizations with all of the attendees of Reimagining the Museum (over 400 museum professionals).\u00a0Get to know our Exhibitors.<\/p>\n<p><a href=\"http:\/\/elmuseoreimaginado.com\/2015\/wp-content\/uploads\/2015\/06\/LOGO-CONSERVARTE-chico.jpg\"><img loading=\"lazy\" decoding=\"async\" class=\"  wp-image-1361 alignnone\" src=\"http:\/\/elmuseoreimaginado.com\/2015\/wp-content\/uploads\/2015\/06\/LOGO-CONSERVARTE-chico-300x91.jpg\" alt=\"LOGO CONSERVARTE chico\" width=\"231\" height=\"70\" srcset=\"https:\/\/elmuseoreimaginado.com\/2015\/wp-content\/uploads\/2015\/06\/LOGO-CONSERVARTE-chico-300x91.jpg 300w, https:\/\/elmuseoreimaginado.com\/2015\/wp-content\/uploads\/2015\/06\/LOGO-CONSERVARTE-chico-1024x312.jpg 1024w, https:\/\/elmuseoreimaginado.com\/2015\/wp-content\/uploads\/2015\/06\/LOGO-CONSERVARTE-chico-200x61.jpg 200w\" sizes=\"auto, (max-width: 231px) 100vw, 231px\" \/><\/a><\/p>\n<p><strong>CONSERVARTE<br \/>\n<\/strong>Buenos Aires, Argentina<br \/>\nCompany dedicated to the \u00a0artistic, photographic and documentary conservation and preservation. It offers preventive and corrective services for the guard and manipulation of historical, artistic, personal and patrimonial valuable goods.<br \/>\nContact: Olga Arean (Executive Director)<br \/>\nE-mail: <u>conservarte@conservarteonline.com.ar<br \/>\n<\/u>Website:<a href=\"http:\/\/www.conservarteonline.com.ar\/\"> http:\/\/www.conservarteonline.com.ar<\/a><\/p>\n<p><a href=\"http:\/\/elmuseoreimaginado.com\/2015\/wp-content\/uploads\/2015\/06\/FCO_BE_AR_BUE2_PS_1S.png\"><img loading=\"lazy\" decoding=\"async\" class=\"  wp-image-1314 alignnone\" src=\"http:\/\/elmuseoreimaginado.com\/2015\/wp-content\/uploads\/2015\/06\/FCO_BE_AR_BUE2_PS_1S-300x226.png\" alt=\"FCO_BE_AR_BUE2_PS_1S\" width=\"177\" height=\"133\" srcset=\"https:\/\/elmuseoreimaginado.com\/2015\/wp-content\/uploads\/2015\/06\/FCO_BE_AR_BUE2_PS_1S-300x226.png 300w, https:\/\/elmuseoreimaginado.com\/2015\/wp-content\/uploads\/2015\/06\/FCO_BE_AR_BUE2_PS_1S-200x150.png 200w, https:\/\/elmuseoreimaginado.com\/2015\/wp-content\/uploads\/2015\/06\/FCO_BE_AR_BUE2_PS_1S.png 754w\" sizes=\"auto, (max-width: 177px) 100vw, 177px\" \/><\/a><\/p>\n<p><strong>EMBAJADA BRITANICA<br \/>\n<\/strong>Buenos Aires, Argentina<br \/>\nThe UK is a world leader in the field of museums and attractions. It features a wide variety of companies that offer specialized and innovative products and services, as well as traveling exhibitions of the most renowned museums in the UK.<br \/>\nContact: Fabiana Cabral (Trade and Investment Advisory, UKTI-Experience Economy)<br \/>\nE-mail: f<u>abiana.cabral@fco.gov.uk<br \/>\n<\/u>Website\/Twitter\/Facebook: <a href=\"http:\/\/www.experienceuk.org\/\">www.experienceuk.org<\/a> \/ <a href=\"http:\/\/@ukinargentina\">@ukinargentina<\/a> \/ <a href=\"http:\/\/www.facebook.com\/ukinargentina\">www.facebook.com\/ukinargentina<\/a><\/p>\n<p><a href=\"http:\/\/elmuseoreimaginado.com\/2015\/wp-content\/uploads\/2015\/06\/Estudio-Cavallero-logo-ok-2.jpg\"><img loading=\"lazy\" decoding=\"async\" class=\"  wp-image-1316 alignnone\" src=\"http:\/\/elmuseoreimaginado.com\/2015\/wp-content\/uploads\/2015\/06\/Estudio-Cavallero-logo-ok-2-300x227.jpg\" alt=\"Estudio Cavallero (logo ok)-2\" width=\"164\" height=\"124\" srcset=\"https:\/\/elmuseoreimaginado.com\/2015\/wp-content\/uploads\/2015\/06\/Estudio-Cavallero-logo-ok-2-300x227.jpg 300w, https:\/\/elmuseoreimaginado.com\/2015\/wp-content\/uploads\/2015\/06\/Estudio-Cavallero-logo-ok-2-1024x777.jpg 1024w, https:\/\/elmuseoreimaginado.com\/2015\/wp-content\/uploads\/2015\/06\/Estudio-Cavallero-logo-ok-2-200x152.jpg 200w, https:\/\/elmuseoreimaginado.com\/2015\/wp-content\/uploads\/2015\/06\/Estudio-Cavallero-logo-ok-2.jpg 1713w\" sizes=\"auto, (max-width: 164px) 100vw, 164px\" \/><\/a><\/p>\n<p><strong>ESTUDIO CAVALLERO<br \/>\n<\/strong>Buenos Aires, Argentina<br \/>\nDesign studio offering editorial, graphic and industrial design as well as photography. The studio specializes in editorial design, artwork photographs, artist\u2019s catalogues and art book collections.<br \/>\nContact: Juan Cavallero (Director)<br \/>\nE-mail: contacto@estudiocavallero.com<br \/>\nWebsite:<a href=\"http:\/\/www.estudiocavallero.com\/\"> www.estudiocavallero.com<\/a><\/p>\n<p><a href=\"http:\/\/elmuseoreimaginado.com\/2015\/wp-content\/uploads\/2015\/06\/logo-1-ALTA-RESOLUCION.jpg\"><img loading=\"lazy\" decoding=\"async\" class=\"  wp-image-1317 alignnone\" src=\"http:\/\/elmuseoreimaginado.com\/2015\/wp-content\/uploads\/2015\/06\/logo-1-ALTA-RESOLUCION-300x150.jpg\" alt=\"logo 1 ALTA RESOLUCION\" width=\"202\" height=\"101\" srcset=\"https:\/\/elmuseoreimaginado.com\/2015\/wp-content\/uploads\/2015\/06\/logo-1-ALTA-RESOLUCION-300x150.jpg 300w, https:\/\/elmuseoreimaginado.com\/2015\/wp-content\/uploads\/2015\/06\/logo-1-ALTA-RESOLUCION-1024x512.jpg 1024w, https:\/\/elmuseoreimaginado.com\/2015\/wp-content\/uploads\/2015\/06\/logo-1-ALTA-RESOLUCION-200x100.jpg 200w, https:\/\/elmuseoreimaginado.com\/2015\/wp-content\/uploads\/2015\/06\/logo-1-ALTA-RESOLUCION.jpg 1523w\" sizes=\"auto, (max-width: 202px) 100vw, 202px\" \/><\/a><\/p>\n<p><strong>EDITORIAL MARCO POLO<br \/>\n<\/strong>Mexico D.F., Mexico<br \/>\nMarco Polo offers solutions for specific requirements for conservation, restoration, book assembly, documents, and graphic and museum materials. The company designs, provides and commercializes a wide variety of materials and accessories contributing to the preservation of graphic memory.<br \/>\nContact: Alejandra \u00c1vila de Garay (Public Relations Director)<br \/>\nE-mail: alejandra.avila@edmarcopolo.com<br \/>\nWebsite\/Twitter:<a href=\"http:\/\/www.edmarcopolo.com\/\"> www.edmarcopolo.com<\/a> \/ <a href=\"http:\/\/@edmarcopolo\">@edmarcopolo<\/a><\/p>\n<p><a href=\"http:\/\/elmuseoreimaginado.com\/2015\/wp-content\/uploads\/2015\/06\/logo-GP.jpg\"><img loading=\"lazy\" decoding=\"async\" class=\"  wp-image-1318 alignnone\" src=\"http:\/\/elmuseoreimaginado.com\/2015\/wp-content\/uploads\/2015\/06\/logo-GP-300x104.jpg\" alt=\"logo GP\" width=\"208\" height=\"72\" srcset=\"https:\/\/elmuseoreimaginado.com\/2015\/wp-content\/uploads\/2015\/06\/logo-GP-300x104.jpg 300w, https:\/\/elmuseoreimaginado.com\/2015\/wp-content\/uploads\/2015\/06\/logo-GP-1024x356.jpg 1024w, https:\/\/elmuseoreimaginado.com\/2015\/wp-content\/uploads\/2015\/06\/logo-GP-200x70.jpg 200w\" sizes=\"auto, (max-width: 208px) 100vw, 208px\" \/><\/a><\/p>\n<p><strong>FUNDACIONES GRUPO PETERSEN<\/strong><br \/>\nFundaci\u00f3n Banco San Juan, Fundaci\u00f3n Banco Santa Fe, Fundaci\u00f3n Nuevo Banco de Entre R\u00edos y Fundaci\u00f3n Banco Santa Cruz<br \/>\nPetersen Group Foundations express the spirit of a group of people with the mutual interest of constructing a better country through the development of educational and cultural programs. Within their principal achievements \u00a0you will find the adequate articulation and cooperation between \u00a0public and private management. Their areas of action are corporative volunteer, education, culture and tax credit.<br \/>\nContact: Dr. Cecilia Hancevic (General Coordinator GP Foundations)<br \/>\nE-mail: hancevicm@bancobsf.com.ar<br \/>\nWeb\/Twitter\/Facebook: \u00a0<a href=\"http:\/\/www.fundacionbsj.org.ar\/\">www.fundacionbsj.org.ar<\/a> \/<a href=\"http:\/\/www.fundacionbsf.org.ar\/\"> www.fundacionbsf.org.ar<\/a> \/\u00a0<a href=\"http:\/\/www.fundacionbersa.org.ar\/\">www.fundacionbersa.org.ar<\/a> \/<a href=\"http:\/\/www.fundacionbsc.org.ar\/\"> www.fundacionbsc.org.ar<\/a><\/p>\n<p><a href=\"http:\/\/elmuseoreimaginado.com\/2015\/wp-content\/uploads\/2015\/06\/logo-MPBAFR-San-Juan-2.png\"><img loading=\"lazy\" decoding=\"async\" class=\"  wp-image-1330 alignnone\" src=\"http:\/\/elmuseoreimaginado.com\/2015\/wp-content\/uploads\/2015\/06\/logo-MPBAFR-San-Juan-2-300x209.png\" alt=\"logo MPBAFR San Juan 2\" width=\"214\" height=\"149\" srcset=\"https:\/\/elmuseoreimaginado.com\/2015\/wp-content\/uploads\/2015\/06\/logo-MPBAFR-San-Juan-2-300x209.png 300w, https:\/\/elmuseoreimaginado.com\/2015\/wp-content\/uploads\/2015\/06\/logo-MPBAFR-San-Juan-2-1024x712.png 1024w, https:\/\/elmuseoreimaginado.com\/2015\/wp-content\/uploads\/2015\/06\/logo-MPBAFR-San-Juan-2-200x139.png 200w, https:\/\/elmuseoreimaginado.com\/2015\/wp-content\/uploads\/2015\/06\/logo-MPBAFR-San-Juan-2.png 1632w\" sizes=\"auto, (max-width: 214px) 100vw, 214px\" \/><\/a><\/p>\n<p><strong>MUSEO PROVINCIAL DE BELLAS ARTES FRANKLIN RAWSON<br \/>\n<\/strong>San Juan, Argentina<br \/>\nThe museum was inaugurated in 1936 and in 2011, it opened the doors to its permanent venue, an avant-garde building. Its collection of Argentinean art is one of the most important in the country.. Its pillars are education, investigation and reintegration into the community.<br \/>\nContact: Virginia Agote (Director)<br \/>\nE-mail: museobasj@gmail.com \/ viragote@gmail.com<\/p>\n<p><a href=\"http:\/\/elmuseoreimaginado.com\/2015\/wp-content\/uploads\/2015\/06\/patagonia-aplicacion-marcas-01.png\"><img loading=\"lazy\" decoding=\"async\" class=\"  wp-image-1319 alignnone\" src=\"http:\/\/elmuseoreimaginado.com\/2015\/wp-content\/uploads\/2015\/06\/patagonia-aplicacion-marcas-01-300x95.png\" alt=\"patagonia-aplicacion-marcas-01\" width=\"215\" height=\"68\" srcset=\"https:\/\/elmuseoreimaginado.com\/2015\/wp-content\/uploads\/2015\/06\/patagonia-aplicacion-marcas-01-300x95.png 300w, https:\/\/elmuseoreimaginado.com\/2015\/wp-content\/uploads\/2015\/06\/patagonia-aplicacion-marcas-01-1024x325.png 1024w, https:\/\/elmuseoreimaginado.com\/2015\/wp-content\/uploads\/2015\/06\/patagonia-aplicacion-marcas-01-200x63.png 200w\" sizes=\"auto, (max-width: 215px) 100vw, 215px\" \/><\/a><\/p>\n<p><strong>PATAGONIATEC<br \/>\n<\/strong>Buenos Aires, Argentina<br \/>\nPatagoniatec imports and commercializes technology hardware and software, specializing in electronic components that can be used by anyone. In addition, it offers training services for the use of the components before and after acquiring them.<br \/>\nContact: Omar Iv\u00e1n Fardjoume (Founder)<br \/>\nE-mail: ivanf@patagoniatec.com<br \/>\nWebsite:<a href=\"http:\/\/www.patagoniatec.com\/\"> www.patagoniatec.com<\/a><\/p>\n<p><a href=\"http:\/\/elmuseoreimaginado.com\/2015\/wp-content\/uploads\/2015\/06\/LOGO-TAREA-AZUL-01.png\"><img loading=\"lazy\" decoding=\"async\" class=\"  wp-image-1321 alignnone\" src=\"http:\/\/elmuseoreimaginado.com\/2015\/wp-content\/uploads\/2015\/06\/LOGO-TAREA-AZUL-01-300x160.png\" alt=\"LOGO TAREA AZUL-01\" width=\"191\" height=\"102\" srcset=\"https:\/\/elmuseoreimaginado.com\/2015\/wp-content\/uploads\/2015\/06\/LOGO-TAREA-AZUL-01-300x160.png 300w, https:\/\/elmuseoreimaginado.com\/2015\/wp-content\/uploads\/2015\/06\/LOGO-TAREA-AZUL-01-1024x545.png 1024w, https:\/\/elmuseoreimaginado.com\/2015\/wp-content\/uploads\/2015\/06\/LOGO-TAREA-AZUL-01-200x107.png 200w\" sizes=\"auto, (max-width: 191px) 100vw, 191px\" \/><\/a><\/p>\n<p><strong>TAREA \/ Instituto de investigaciones sobre el patrimonio cultural<br \/>\n<\/strong>Buenos Aires, Argentina<br \/>\nThe institute brings together specialists in restoration, chemistry and art history to address the greatest preservation needs of cultural heritage in museums, public institutions, libraries, archives, private institutions and churches across the country. Since 2007 it has offered a master\u00b4s degree program and career specialization on conservation of cultural heritage.<br \/>\nContact: Damasia Gallegos (Director)<br \/>\nE-mail: tarea.unsam@gmail.com<br \/>\nWebsite\/Facebook: <a href=\"http:\/\/www.unsam.edu.ar\/institutos\/tarea\">www.unsam.edu.ar\/institutos\/tarea<\/a>\/<a href=\"http:\/\/www.facebook.com\/IIPCTallerTarea\"> www.facebook.com\/IIPCTallerTarea<\/a><\/p>\n<p><a href=\"http:\/\/elmuseoreimaginado.com\/2015\/wp-content\/uploads\/2015\/06\/IsoLogo-50-por-19-mm-300dpi.png\"><img loading=\"lazy\" decoding=\"async\" class=\"  wp-image-1322 alignnone\" src=\"http:\/\/elmuseoreimaginado.com\/2015\/wp-content\/uploads\/2015\/06\/IsoLogo-50-por-19-mm-300dpi-300x95.png\" alt=\"IsoLogo 50 por 19 mm 300dpi\" width=\"203\" height=\"64\" srcset=\"https:\/\/elmuseoreimaginado.com\/2015\/wp-content\/uploads\/2015\/06\/IsoLogo-50-por-19-mm-300dpi-300x95.png 300w, https:\/\/elmuseoreimaginado.com\/2015\/wp-content\/uploads\/2015\/06\/IsoLogo-50-por-19-mm-300dpi-200x63.png 200w, https:\/\/elmuseoreimaginado.com\/2015\/wp-content\/uploads\/2015\/06\/IsoLogo-50-por-19-mm-300dpi.png 591w\" sizes=\"auto, (max-width: 203px) 100vw, 203px\" \/><\/a><\/p>\n<p><strong>TRIARSA<br \/>\n<\/strong>Buenos Aires, Argentina<br \/>\nMore than 15 years of experience providing services to software development and technological solutions for cultural venues and collections. Software for collection management: The Museum System \/ Multimedia Apps \/ Environmental controls for heritage preservation.<br \/>\nContact: Mar\u00eda Gabriela Serkin (Partner)<br \/>\nE-mail: gserkin@triarsa.com.ar<br \/>\nWebsite:<a href=\"http:\/\/www.triarsa.com.ar\"> www.triarsa.com.ar<\/a> <span style=\"text-decoration: underline;\">\/ <\/span><a href=\"http:\/\/www.triarsa.com.ar\">http:\/\/www.triarsa.com.ar<\/a><\/p>\n<p><a href=\"http:\/\/elmuseoreimaginado.com\/2015\/wp-content\/uploads\/2015\/06\/LogouDiscover1sin-fondo.png\"><img loading=\"lazy\" decoding=\"async\" class=\"  wp-image-1323 alignnone\" src=\"http:\/\/elmuseoreimaginado.com\/2015\/wp-content\/uploads\/2015\/06\/LogouDiscover1sin-fondo-300x137.png\" alt=\"LogouDiscover1sin fondo\" width=\"195\" height=\"89\" srcset=\"https:\/\/elmuseoreimaginado.com\/2015\/wp-content\/uploads\/2015\/06\/LogouDiscover1sin-fondo-300x137.png 300w, https:\/\/elmuseoreimaginado.com\/2015\/wp-content\/uploads\/2015\/06\/LogouDiscover1sin-fondo-1024x469.png 1024w, https:\/\/elmuseoreimaginado.com\/2015\/wp-content\/uploads\/2015\/06\/LogouDiscover1sin-fondo-200x92.png 200w\" sizes=\"auto, (max-width: 195px) 100vw, 195px\" \/><\/a><\/p>\n<p><strong>WLG \u00a0INNOVATIONS<br \/>\n<\/strong>Caguas, Puerto Rico<br \/>\nDevelopment of innovative user experiences for mobile platforms. uDiscover is a platform that delivers direct mobile content with valuable information and entertainment to people visiting recreational, tourist and cultural venues. It is aimed at enhancing the visitor experience at low costs.<br \/>\nContact: Jessica Oppenheimer (Content Creator)<br \/>\nE-mail: <u>jessicaopp@live.com<br \/>\n<\/u>Website\/Twitter\/Facebook: <a href=\"http:\/\/udiscoverapp.com\">http:\/\/udiscoverapp.com<\/a>\/\u00a0<a href=\"http:\/\/wlginnovations.com\/http:\/udiscoverapp.com\/@WLGInnovations\">@WLGInnovations<\/a>\/ <a href=\"http:\/\/www.facebook.com\/udiscoverapp?fref=ts\">www.facebook.com\/udiscoverapp?fref=ts<\/a><\/p>\n<p><a href=\"http:\/\/elmuseoreimaginado.com\/2015\/wp-content\/uploads\/2015\/06\/SuperHD-Logo-ESP.jpg\"><img loading=\"lazy\" decoding=\"async\" class=\"  alignnone wp-image-1324\" src=\"http:\/\/elmuseoreimaginado.com\/2015\/wp-content\/uploads\/2015\/06\/SuperHD-Logo-ESP.jpg\" alt=\"SuperHD Logo ESP\" width=\"218\" height=\"91\" \/><\/a><\/p>\n<p><strong>ZONE DISPLAY CASES<br \/>\n<\/strong>Quebec, Canada<br \/>\nMuseum display cases built with high-end technology and innovative engineering for unsurpassed quality and performance. Product lines include modular assembly display case systems, standard-sized and custom-built cases of all types, delivered and installed worldwide.<br \/>\nContact: Pierre Gigu\u00e8re (Business Development)<br \/>\nE-mail: pguigere@zonedisplaycases.com<br \/>\nWebsite: <a href=\"http:\/\/www.zonedisplaycases.com\">www.zonedisplaycases.com<\/a><\/p>\n<p><\/div><br \/>\n<\/div><\/p>","protected":false},"excerpt":{"rendered":"<p>3 days of intensive dialogues and interaction and more than 50 sessions. Translation was be provided into English, Spanish and [&hellip;]<\/p>\n","protected":false},"author":4,"featured_media":0,"parent":0,"menu_order":2,"comment_status":"open","ping_status":"closed","template":"","meta":{"_acf_changed":false,"footnotes":""},"class_list":["post-1013","page","type-page","status-publish","hentry"],"acf":[],"_links":{"self":[{"href":"https:\/\/elmuseoreimaginado.com\/2015\/en\/wp-json\/wp\/v2\/pages\/1013","targetHints":{"allow":["GET"]}}],"collection":[{"href":"https:\/\/elmuseoreimaginado.com\/2015\/en\/wp-json\/wp\/v2\/pages"}],"about":[{"href":"https:\/\/elmuseoreimaginado.com\/2015\/en\/wp-json\/wp\/v2\/types\/page"}],"author":[{"embeddable":true,"href":"https:\/\/elmuseoreimaginado.com\/2015\/en\/wp-json\/wp\/v2\/users\/4"}],"replies":[{"embeddable":true,"href":"https:\/\/elmuseoreimaginado.com\/2015\/en\/wp-json\/wp\/v2\/comments?post=1013"}],"version-history":[{"count":56,"href":"https:\/\/elmuseoreimaginado.com\/2015\/en\/wp-json\/wp\/v2\/pages\/1013\/revisions"}],"predecessor-version":[{"id":1647,"href":"https:\/\/elmuseoreimaginado.com\/2015\/en\/wp-json\/wp\/v2\/pages\/1013\/revisions\/1647"}],"wp:attachment":[{"href":"https:\/\/elmuseoreimaginado.com\/2015\/en\/wp-json\/wp\/v2\/media?parent=1013"}],"curies":[{"name":"wp","href":"https:\/\/api.w.org\/{rel}","templated":true}]}}