{"id":1025,"date":"2015-06-19T19:49:08","date_gmt":"2015-06-19T19:49:08","guid":{"rendered":"http:\/\/elmuseoreimaginado.com\/2015\/?page_id=1025"},"modified":"2015-09-22T13:43:08","modified_gmt":"2015-09-22T13:43:08","slug":"que-es-el-museo-reimaginado","status":"publish","type":"page","link":"https:\/\/elmuseoreimaginado.com\/2015\/en\/que-es-el-museo-reimaginado\/","title":{"rendered":"About"},"content":{"rendered":"<p>All you need to know about Reimagining the Museum.<\/p>\n<p><div id=\"accordion-2\" class=\"accordion no-js\" role=\"tablist\"><br \/>\n<h3 id=\"what\" class=\"accordion-title\" role=\"tab\" aria-controls=\"content-what\" aria-selected=\"false\" aria-expanded=\"false\">What?<\/h3><div id=\"content-what\" class=\"accordion-content\" role=\"tabpanel\" aria-labelledby=\"what\" aria-hidden=\"true\">Fundaci\u00f3n TyPA (Teor\u00eda y Pr\u00e1ctica de las Artes) in Argentina, and AAM (American Alliance of Museums), in the USA, joined\u00a0forces to develop and present <strong>Reimagining the Museum &#8211; Conference of the Americas<\/strong>. The first convening of its kind, it brought\u00a0together more than 600\u00a0museum professionals from the region and the world.\u00a0<strong>Reimagining the Museum<\/strong> will explore successful museum transformations by discussing challenges, sharing examples of innovation and cross-cultural collaboration and learning how to initiate change. We looked forward to developing a network of professionals from the Americas, which will be an important tool to continue promoting positive transformation in the museum field.<\/p>\n<p>In recent decades, technological, social, political, environmental and economic change has significantly altered the expectations of consumers in the Western hemisphere and globally. Museums who are striving \u00a0to retain, expand and engage audiences face challenges as competition for leisure time intensifies and visitors interact differently with museums. <strong>Reimagining the Museum<\/strong> offerd an opportunity for shared understanding on the new needs and expectation of the current and emerging generation of museums visitors in Latin and North America, inventive approaches in enhancing audience engagement and community accessibility strategies, and the organizational vision and leadership needed to not only survive&#8211;but thrive.<\/div><br \/>\n<h3 id=\"where-and-when\" class=\"accordion-title\" role=\"tab\" aria-controls=\"content-where-and-when\" aria-selected=\"false\" aria-expanded=\"false\">Where and when?<\/h3><div id=\"content-where-and-when\" class=\"accordion-content\" role=\"tabpanel\" aria-labelledby=\"where-and-when\" aria-hidden=\"true\">At the <a href=\"http:\/\/www.usinadelarte.org\" target=\"_blank\">Usina del Arte<\/a>, Buenos Aires, Argentina, September 2-4, 2015.<\/div><br \/>\n<h3 id=\"how\" class=\"accordion-title\" role=\"tab\" aria-controls=\"content-how\" aria-selected=\"false\" aria-expanded=\"false\">How?<\/h3><div id=\"content-how\" class=\"accordion-content\" role=\"tabpanel\" aria-labelledby=\"how\" aria-hidden=\"true\">Three intensive days of lively\u00a0discussions and exciting\u00a0meetings\u00a0and more than 50\u00a0sessions:<br \/>\n<span style=\"color: black;\">.\u00a04 KEYNOTE PRESENTATIONS\u00a0featuring\u00a0international experts in museums and culture<br \/>\n. 9 PANEL DISCUSSIONS comprised of\u00a050 museum experts\u00a0from\u00a0Latin and North America<br \/>\n. 3 INTIMATE CONVERSATIONS with 3 of the speakers<br \/>\n. 2 sessions comprised of\u00a0BRIEF PRESENTATIONS\u00a0of\u00a016\u00a0CASE STUDIES<br \/>\n. 1 SESSION USING A TRIAL FORMAT\u00a0where a controversial museum topic\u00a0was judged<br \/>\n. 1\u00a0UNCONFERENCE<br \/>\n. 1 COMPETITION\u00a0\u00a0among 5 outstanding projects with a prize<br \/>\n. 9 instensive, small SMALL GROUP WORKSHOPS\u00a0on timely and practical museum\u00a0topics<br \/>\n. 1\u00a0WORKSHOP for all participants\u00a0to formulate the first-ever &#8220;Manifesto for Museums of the Americas&#8221;<br \/>\n. 1 PROFESSIONAL\u00a0EXPO with\u00a011 stands from 5 countries<br \/>\n<\/span>. 18 THEMED CONVERSATIONS\u00a0during the lunch hour at the TyPA\/Caf\u00e9 designed to encourage conversation on potential collaborations and partnership<br \/>\n. 5 VISITS AND ACTIVITES\u00a0at prominent Buenos Aires museums<br \/>\n. 1 POP-UP MUSEUM\u00a0focused on\u00a0the role of imagination in museums<br \/>\n. 1 CLOSING PARTY\u00a0with music and dancing\u00a0<\/div><br \/>\n<h3 id=\"who\" class=\"accordion-title\" role=\"tab\" aria-controls=\"content-who\" aria-selected=\"false\" aria-expanded=\"false\">Who?<\/h3><div id=\"content-who\" class=\"accordion-content\" role=\"tabpanel\" aria-labelledby=\"who\" aria-hidden=\"true\"><br \/>\nMore than 600 people\u00a0who\u00a0seek\u00a0to have an impact on the museum field attended the convening. Museum professionals, specialists in cultural management, designers, artists, entrepreneurs, educators and anyone\u00a0who wished to reimagine Americas\u2019 museums. 24 countries were represented, and more than 220 cultural organisations.<br \/>\n<\/div><br \/>\n<h3 id=\"organized-by\" class=\"accordion-title\" role=\"tab\" aria-controls=\"content-organized-by\" aria-selected=\"false\" aria-expanded=\"false\">ORGANIZED BY FUNDACI\u00d3N TyPA IN PARTNERSHIP WITH AAM<\/h3><div id=\"content-organized-by\" class=\"accordion-content\" role=\"tabpanel\" aria-labelledby=\"organized-by\" aria-hidden=\"true\"><\/p>\n<h3><a href=\"http:\/\/aam-us.org\/\" target=\"_blank\"><img loading=\"lazy\" decoding=\"async\" class=\"alignnone  wp-image-268\" src=\"http:\/\/elmuseoreimaginado.com\/2015\/wp-content\/uploads\/2015\/02\/american-alliance-of-museums-copy-300x181-300x181.jpg\" alt=\"american-alliance-of-museums-copy-300x181\" width=\"136\" height=\"82\" srcset=\"https:\/\/elmuseoreimaginado.com\/2015\/wp-content\/uploads\/2015\/02\/american-alliance-of-museums-copy-300x181.jpg 300w, https:\/\/elmuseoreimaginado.com\/2015\/wp-content\/uploads\/2015\/02\/american-alliance-of-museums-copy-300x181-245x150.jpg 245w, https:\/\/elmuseoreimaginado.com\/2015\/wp-content\/uploads\/2015\/02\/american-alliance-of-museums-copy-300x181-200x121.jpg 200w\" sizes=\"auto, (max-width: 136px) 100vw, 136px\" \/><\/a><\/h3>\n<p><strong>AAM \u2013 American Alliance of Museums<\/strong><br \/>\nThe world\u2019s largest museum service organization, the American Alliance of Museums strengthens museums through leadership, advocacy and collaboration. AAM has been bringing museums together since 1906, helping to develop standards and best practices, offering essential resources and career development and providing advocacy on issues of concern to the entire museum community. AAM represents a membership of nearly 26,000 institutions and individuals from all 50 U.S. states and nearly 60 countries. Its Annual Meeting and MuseumExpo, the largest gathering of museum professionals in the world, attracts over 5,000 museum professionals in the US and globally and features educational sessions addressing issues and challenges common to the museum field. AAM has provided\u00a0professional development programs in other countries and administers Museums Connect, a U.S. Department of State grant program that partners museums and communities in the U.S. and abroad to address social issues and cultural diplomacy. AAM works in close collaboration with ICOM-US, a non-profit, non-governmental organization dedicated to the improvement and advancement of the world&#8217;s museums and the museum profession as well as the preservation of cultural heritage. The mission of ICOM-US is to facilitate and increase U.S. museum professionals\u2019 participation in the worldwide cultural community as well as represent and advocate for U.S. museums&#8217; international interests, collaborations and perspectives.<\/p>\n<p><a href=\"http:\/\/elmuseoreimaginado.com\/2015\/wp-content\/uploads\/2015\/03\/Fundaci\u00f3n-TyPA-e1426825668687.png\"><img loading=\"lazy\" decoding=\"async\" class=\" size-full wp-image-313 alignnone\" src=\"http:\/\/elmuseoreimaginado.com\/2015\/wp-content\/uploads\/2015\/03\/Fundaci\u00f3n-TyPA-e1426825668687.png\" alt=\"Fundaci\u00f3n TyPA\" width=\"90\" height=\"87\" \/><\/a><\/p>\n<p><strong>Fundaci\u00f3n TyPA &#8211; Teor\u00eda y Pr\u00e1ctica de las Artes<\/strong><\/p>\n<p>Fundaci\u00f3n TyPA &#8211; Teor\u00eda y Pr\u00e1ctica de las Artes, based in Buenos Aires, provides training and advocacy\u00a0in the fields of literature, museums, film and the arts throughout Latin America. It organizes workshops and conferences, conducts and publishes research, offers advice and organizes collaborative networks to support cultural production and foster\u00a0communication\u00a0around the world. Over the past 10 years, TyPA has brought experts from leading institutions across the world to Latin America to lead trainings, serving nearly 500 museum professionals through its professional development initiatives. Recent programs have focused on art and social integration, creative management, the role of visitors, communications and marketing, and designing innovative experiences. The TyPA Lab for Museum Management, created to train a new generation of museum leaders in Latin America, was initiated in 2013 and is reputed to be one of the most original and effective training institutes in the field.<\/p>\n<p><\/div><br \/>\n<h3 id=\"team\" class=\"accordion-title\" role=\"tab\" aria-controls=\"content-team\" aria-selected=\"false\" aria-expanded=\"false\">Team<\/h3><div id=\"content-team\" class=\"accordion-content\" role=\"tabpanel\" aria-labelledby=\"team\" aria-hidden=\"true\"><b>Reimagining the Museum Team<\/b><\/p>\n<p><b>Fundaci\u00f3n TyPA &#8211; Teor\u00eda y Pr\u00e1ctica de las Artes<\/b><\/p>\n<p>Direction: Am\u00e9rico Castilla<br \/>\nGeneral Coordination: Juana Torino<br \/>\nProgramming: Ana van Tuyll<br \/>\nNetworking: Violeta Bronstein<br \/>\nCommunication: Tatiana Becco<br \/>\nCommunication Consultant: Guadalupe Requena<br \/>\nProduction: Maia P\u00e9rsico<br \/>\nExpo: M\u00f3nica P\u00e9rez<br \/>\nVolunteers Coordination: Florencia Gonz\u00e1lez Langarica y Agustina Lipovich<br \/>\nAdministration: Mar\u00eda del Mar Espinosa<\/p>\n<p><b>AAM &#8211; American Alliance of Museums<br \/>\n<\/b>Dean Phelus<br \/>\nMadeline Vadkerty<br \/>\n<\/div><br \/>\n<h3 id=\"advisory-committee\" class=\"accordion-title\" role=\"tab\" aria-controls=\"content-advisory-committee\" aria-selected=\"false\" aria-expanded=\"false\">Advisory committee<\/h3><div id=\"content-advisory-committee\" class=\"accordion-content\" role=\"tabpanel\" aria-labelledby=\"advisory-committee\" aria-hidden=\"true\"><strong>Leslie Bedford<\/strong> \u2013 Museum Consultant, USA; <strong>Kathy Dwyer Southern<\/strong>, Faculty, George Washington University USA, &amp; ICOM-US Co-Chair; <strong>Ticio Escobar<\/strong> \u2013 Director, Museo de Arte Ind\u00edgena, Centro de Artes Visuales, Paraguay; <strong>Claudio G\u00f3mez Papic<\/strong> \u2013 Director, Museo Nacional de Historia Natural, Chile; <strong>Mar\u00eda Mercedes Gonz\u00e1lez<\/strong> \u2013 Director, Museo de Arte Moderno de Medell\u00edn, Colombia; <strong>Elaine Heumann Gurian<\/strong> \u2013 Museum Consultant, USA; <strong>Silvia Singer<\/strong> \u2013 Director, MIDE. Mexico &amp;\u00a0AAM Board Member; <strong>Mar\u00eda Eugenia Salcedo Repol\u00eas<\/strong> \u2013 Education manager, Instituto Inhotim, Brasil;\u00a0<strong>Carlos Tortolero<\/strong> \u2013\u00a0President, National Museum of Mexican Art, USA &amp; AAM Board Member;\u00a0<strong>James Volkert<\/strong> \u2013 Principal\u00a0Exhibition Associates, USA;\u00a0<strong>Deborah Ziska<\/strong> \u2013 Director, Press &amp; Public Information, National Gallery of Art, USA &amp;\u00a0ICOM-US Board Member.<\/div><h3 id=\"Friends\" class=\"accordion-title\" role=\"tab\" aria-controls=\"content-Friends\" aria-selected=\"false\" aria-expanded=\"false\">Friends of Reimagining the Museum<\/h3><div id=\"content-Friends\" class=\"accordion-content\" role=\"tabpanel\" aria-labelledby=\"Friends\" aria-hidden=\"true\"><\/p>\n<p>You could gain deeper insight of some outstanding cultural organizations in Buenos Aires and its surroundings. Visited before, during and after the conference.<\/p>\n<p><strong>MAMBA \/ Museo de Arte Moderno de Buenos Aires<\/strong><br \/>\nAv. San Juan 350, San Telmo<br \/>\n<a href=\"http:\/\/www.museodeartemoderno.buenosaires.gob.ar\">www.museodeartemoderno.buenosaires.gob.ar<\/a><\/p>\n<p>Mamba is the museum in Argentina for modern and contemporary Argentine art. Offers exhibitions, public programs and has a major publishing project.<br \/>\n<em>Mamba welcomed all participants for the opening reception and a visit to the museum and its temporary exhibitions, that included \u201cRhythms of Materiality in Argentine Art of the Sixties,\u201dReimagining the Museum Opening Reception. Tuesday, September 1, 7:00 -9:00 PM<\/em><\/p>\n<p><a href=\"http:\/\/elmuseoreimaginado.com\/2015\/wp-content\/uploads\/2015\/06\/mamba.jpg\"><img loading=\"lazy\" decoding=\"async\" class=\" size-medium wp-image-1295 alignnone\" src=\"http:\/\/elmuseoreimaginado.com\/2015\/wp-content\/uploads\/2015\/06\/mamba-300x200.jpg\" alt=\"mamba\" width=\"300\" height=\"200\" srcset=\"https:\/\/elmuseoreimaginado.com\/2015\/wp-content\/uploads\/2015\/06\/mamba-300x200.jpg 300w, https:\/\/elmuseoreimaginado.com\/2015\/wp-content\/uploads\/2015\/06\/mamba-1024x683.jpg 1024w, https:\/\/elmuseoreimaginado.com\/2015\/wp-content\/uploads\/2015\/06\/mamba-200x133.jpg 200w\" sizes=\"auto, (max-width: 300px) 100vw, 300px\" \/><\/a><\/p>\n<p><strong>MNBA \/ Museo Nacional de Bellas Artes<\/strong><br \/>\nAv. del Libertador 1473, Recoleta<br \/>\n<a href=\"http:\/\/www.mnba.gob.ar\">www.mnba.gob.ar<\/a><\/p>\n<p>The MNBA, founded in 1896, houses one of the most important art collections in Latin America. Its collections of 19th-century European and Argentine art are notable.<br \/>\n<em>The MNBA invited you to visit the temporary exhibition \u201cTekopor\u00e3, Indigenous and Popular Art from Paraguay. Museo del Barro Collection,\u201d curated by Ticio Escobar, one of the conference speakers (who will attend the event) and the recently reopened exhibition galleries of the permanent collection. A reception was\u00a0be held at the museum terraces.<\/em><br \/>\n<em>Visit and reception. Wednesday, September 2, 6:30 &#8211; 8:30 PM<\/em><\/p>\n<p><a href=\"http:\/\/elmuseoreimaginado.com\/2015\/wp-content\/uploads\/2015\/06\/MNBA.jpg\"><img loading=\"lazy\" decoding=\"async\" class=\" size-medium wp-image-1299 alignnone\" src=\"http:\/\/elmuseoreimaginado.com\/2015\/wp-content\/uploads\/2015\/06\/MNBA-300x200.jpg\" alt=\"MNBA\" width=\"300\" height=\"200\" srcset=\"https:\/\/elmuseoreimaginado.com\/2015\/wp-content\/uploads\/2015\/06\/MNBA-300x200.jpg 300w, https:\/\/elmuseoreimaginado.com\/2015\/wp-content\/uploads\/2015\/06\/MNBA-1024x683.jpg 1024w, https:\/\/elmuseoreimaginado.com\/2015\/wp-content\/uploads\/2015\/06\/MNBA-200x133.jpg 200w\" sizes=\"auto, (max-width: 300px) 100vw, 300px\" \/><\/a><\/p>\n<p><strong>MALBA \/ Museo de Arte Latinoamericano de Buenos Aires<\/strong><br \/>\nAv Pres. Figueroa Alcorta 3415, Palermo<br \/>\n<a href=\"http:\/\/www.malba.org.ar\">www.malba.org.ar<\/a><\/p>\n<p>MALBA preserves and exhibits a collection of modern and contemporary artists from Latin America from 20th century till nowadays. It combines a dynamic calendar of temporary exhibitions and display of the permanent collection, and offers different public programs.<br \/>\nMALBA invites for a visit to the museum, focusing on its collection and the temporary exhibition \u201cYoung Polesello 1958-1974,\u201d dedicated to this prestigious Argentine artist. A reception will be held at the museum.<br \/>\n<em>Visit and reception. Wednesday, September 2, 6:30 &#8211; 8:30 PM<\/em><\/p>\n<p><a href=\"http:\/\/elmuseoreimaginado.com\/2015\/wp-content\/uploads\/2015\/06\/Malba.jpg\"><img loading=\"lazy\" decoding=\"async\" class=\" size-medium wp-image-1294 alignnone\" src=\"http:\/\/elmuseoreimaginado.com\/2015\/wp-content\/uploads\/2015\/06\/Malba-300x225.jpg\" alt=\"Malba\" width=\"300\" height=\"225\" srcset=\"https:\/\/elmuseoreimaginado.com\/2015\/wp-content\/uploads\/2015\/06\/Malba-300x225.jpg 300w, https:\/\/elmuseoreimaginado.com\/2015\/wp-content\/uploads\/2015\/06\/Malba-200x150.jpg 200w\" sizes=\"auto, (max-width: 300px) 100vw, 300px\" \/><\/a><\/p>\n<p><strong>CCK \/ Centro Cultural Kirchner<\/strong><br \/>\nSarmiento 151, Centro<br \/>\n<a href=\"http:\/\/www.culturalkirchner.gob.ar\">www.culturalkirchner.gob.ar<\/a><\/p>\n<p>The CCK is located in a historic and iconic building &#8211; the National Post Office- restored by the State to become a major cultural center, opened in May 2015.<br \/>\n<em>The CCK invited attendees to visit the building and its exhibitions, and the MICA\/Argentine Cultural Industries Market.\u00a0<\/em><br \/>\n<em>Visit. Thursday, September 3, 6:30 &#8211; 9:00 PM<\/em><\/p>\n<p><a href=\"http:\/\/elmuseoreimaginado.com\/2015\/wp-content\/uploads\/2015\/06\/CCK.jpg\"><img loading=\"lazy\" decoding=\"async\" class=\" size-medium wp-image-1292 alignnone\" src=\"http:\/\/elmuseoreimaginado.com\/2015\/wp-content\/uploads\/2015\/06\/CCK-300x200.jpg\" alt=\"CCK\" width=\"300\" height=\"200\" srcset=\"https:\/\/elmuseoreimaginado.com\/2015\/wp-content\/uploads\/2015\/06\/CCK-300x200.jpg 300w, https:\/\/elmuseoreimaginado.com\/2015\/wp-content\/uploads\/2015\/06\/CCK-1024x683.jpg 1024w, https:\/\/elmuseoreimaginado.com\/2015\/wp-content\/uploads\/2015\/06\/CCK-200x133.jpg 200w\" sizes=\"auto, (max-width: 300px) 100vw, 300px\" \/><\/a><\/p>\n<p><strong>Museo del Cine Pablo Ducr\u00f3s Hicken<\/strong><br \/>\nAgust\u00edn R. Caffarena 51, La Boca<br \/>\n<a href=\"http:\/\/www.museodelcine.buenosaires.gob.ar\">www.museodelcine.buenosaires.gob.ar<\/a><\/p>\n<p>The museum was created in 1971 based on the private collection of Ducros Hicken, an Argentine researcher. In 2011 it reopened in its permanent location, a historic building in the neighborhood of La Boca.The museum &#8211; a pioneer of its type in Argentina and Latin America- owns the country\u2019s largest archive of films, photographs and costumes.<br \/>\n<em>Venue for some of Reimagining the Museum workshops.<\/em><\/p>\n<p><a href=\"http:\/\/elmuseoreimaginado.com\/2015\/wp-content\/uploads\/2015\/06\/Cine.jpg\"><img loading=\"lazy\" decoding=\"async\" class=\" size-medium wp-image-1293 alignnone\" src=\"http:\/\/elmuseoreimaginado.com\/2015\/wp-content\/uploads\/2015\/06\/Cine-300x248.jpg\" alt=\"Cine\" width=\"300\" height=\"248\" srcset=\"https:\/\/elmuseoreimaginado.com\/2015\/wp-content\/uploads\/2015\/06\/Cine-300x248.jpg 300w, https:\/\/elmuseoreimaginado.com\/2015\/wp-content\/uploads\/2015\/06\/Cine-200x166.jpg 200w, https:\/\/elmuseoreimaginado.com\/2015\/wp-content\/uploads\/2015\/06\/Cine.jpg 750w\" sizes=\"auto, (max-width: 300px) 100vw, 300px\" \/><\/a><\/p>\n<p><strong>Museo de la Ciudad de Buenos Aires<\/strong><br \/>\nDefensa 185, Downtown<br \/>\n<a href=\"http:\/\/www.museodelaciudad.buenosaires.gob.ar\">www.museodelaciudad.buenosaires.gob.ar<\/a><\/p>\n<p>The museum was founded in 1968 with the mission of reflecting on the memory of the \u201cporte\u00f1os\u201d (natives from Buenos Aires) through everyday life objects. It comprises four buildings (two under restoration) that represent one of the few examples of housing in Buenos Aires from mid-18th to the beginning of 19th centuries.<br \/>\n<em>Reimagining the Museum Closing Party. Altos de Elorriaga House. Friday, September 4, 7-10 PM<\/em><\/p>\n<p><a href=\"http:\/\/elmuseoreimaginado.com\/2015\/wp-content\/uploads\/2015\/06\/Museo-de-la-Ciudad.png\"><img loading=\"lazy\" decoding=\"async\" class=\" size-medium wp-image-1301 alignnone\" src=\"http:\/\/elmuseoreimaginado.com\/2015\/wp-content\/uploads\/2015\/06\/Museo-de-la-Ciudad-300x225.png\" alt=\"Museo de la Ciudad\" width=\"300\" height=\"225\" srcset=\"https:\/\/elmuseoreimaginado.com\/2015\/wp-content\/uploads\/2015\/06\/Museo-de-la-Ciudad-300x225.png 300w, https:\/\/elmuseoreimaginado.com\/2015\/wp-content\/uploads\/2015\/06\/Museo-de-la-Ciudad-200x150.png 200w, https:\/\/elmuseoreimaginado.com\/2015\/wp-content\/uploads\/2015\/06\/Museo-de-la-Ciudad.png 500w\" sizes=\"auto, (max-width: 300px) 100vw, 300px\" \/><\/a><\/p>\n<p><strong>MAT \/ Museo de Arte Tigre<\/strong><br \/>\nPaseo Victor\u00edca 972, Tigre, Pcia. de Buenos Aires.<br \/>\n<a href=\"http:\/\/www.mat.gov.ar\">www.mat.gov.ar<\/a><\/p>\n<p>Conceived as a house museum, it operates as a historic building on the Delta and is a magnificent example of Beaux Arts architecture. MAT features an important collection of Argentinian art from the 19th and 20th centuries and also presents temporary exhibitions.<br \/>\n<em>The Culture Agency from Tigre invites attendees for a boat tour through the Delta rivers, with stunning views of the natural landscape and a short stop at the Sarmiento Museum. Afterwards the MAT will host a visit around the museum and an informal lunch.<\/em><br \/>\n<em>Boat tour around Delta &amp; visit to MAT. Saturday, September 5, 10:30 AM-3:30 PM\u00a0<\/em><\/p>\n<p><a href=\"http:\/\/elmuseoreimaginado.com\/2015\/wp-content\/uploads\/2015\/06\/MAT.jpg\"><img loading=\"lazy\" decoding=\"async\" class=\" size-medium wp-image-1296 alignnone\" src=\"http:\/\/elmuseoreimaginado.com\/2015\/wp-content\/uploads\/2015\/06\/MAT-300x199.jpg\" alt=\"MAT\" width=\"300\" height=\"199\" srcset=\"https:\/\/elmuseoreimaginado.com\/2015\/wp-content\/uploads\/2015\/06\/MAT-300x199.jpg 300w, https:\/\/elmuseoreimaginado.com\/2015\/wp-content\/uploads\/2015\/06\/MAT-1024x681.jpg 1024w, https:\/\/elmuseoreimaginado.com\/2015\/wp-content\/uploads\/2015\/06\/MAT-200x133.jpg 200w\" sizes=\"auto, (max-width: 300px) 100vw, 300px\" \/><\/a><\/p>\n<p><strong>Fundacion Proa<\/strong><br \/>\nAv. Pedro de Mendoza 1929, La Boca<br \/>\n<a href=\"http:\/\/www.proa.org\">www.proa.org<\/a><\/p>\n<p>Proa is a cultural institution located in La Boca neighborhood beneath the South Art District, and a significant reference for contemporary visual arts in Buenos Aires. Proa offers temporary exhibitions and organizes seminars, conferences, concerts, film festivals and theater performances. On its Web platform it offers academic content, has radio and TV channels., Its programs are based on the diffusion of main artistic movements from 20th and 21st centuries, and the development of education projects, with the permanent support of Techint company.<br \/>\n<em>You could visit the temporary exhibition \u201cDaros Latinoam\u00e9rica,\u201d, the bookstore, and enjoy an incredible view of La Boca from the Caf\u00e9 Proa.<\/em><br \/>\n<em>Visits, Tuesday to Sunday, 11:00 AM to 7:00 PM<\/em><\/p>\n<p><a href=\"http:\/\/elmuseoreimaginado.com\/2015\/wp-content\/uploads\/2015\/06\/Proa.jpg\"><img loading=\"lazy\" decoding=\"async\" class=\" size-medium wp-image-1302 alignnone\" src=\"http:\/\/elmuseoreimaginado.com\/2015\/wp-content\/uploads\/2015\/06\/Proa-300x200.jpg\" alt=\"Proa\" width=\"300\" height=\"200\" srcset=\"https:\/\/elmuseoreimaginado.com\/2015\/wp-content\/uploads\/2015\/06\/Proa-300x200.jpg 300w, https:\/\/elmuseoreimaginado.com\/2015\/wp-content\/uploads\/2015\/06\/Proa-200x133.jpg 200w, https:\/\/elmuseoreimaginado.com\/2015\/wp-content\/uploads\/2015\/06\/Proa.jpg 660w\" sizes=\"auto, (max-width: 300px) 100vw, 300px\" \/><\/a><\/p>\n<p><strong>Espacio Fundaci\u00f3n Telef\u00f3nica<\/strong><br \/>\nArenales 1540, Recoleta<br \/>\n<a href=\"http:\/\/www.espacio.fundaciontelefonica.com.ar\">www.espacio.fundaciontelefonica.com.ar<\/a><\/p>\n<p>Espacio Fundaci\u00f3n Telef\u00f3nica offers different initiatives that accompany the Digital Culture movement: semipermanent and temporary exhibitions, workshops for families and schools, and series of conferences.\u00a0<em><br \/>\n<\/em><em>You could visit the exhibitions \u201cCommunication Ecosystem\u201d and \u201cBig Bang Data\u201d, with different approaches to this context of permanent technological evolution<\/em><br \/>\n<em>Visits Monday to Saturday, 2:00 &#8211; 8:30 PM.<\/em><\/p>\n<p><a href=\"http:\/\/elmuseoreimaginado.com\/2015\/wp-content\/uploads\/2015\/06\/Telefonica.jpg\"><img loading=\"lazy\" decoding=\"async\" class=\" size-medium wp-image-1303 alignnone\" src=\"http:\/\/elmuseoreimaginado.com\/2015\/wp-content\/uploads\/2015\/06\/Telefonica-215x300.jpg\" alt=\"Telefonica\" width=\"215\" height=\"300\" srcset=\"https:\/\/elmuseoreimaginado.com\/2015\/wp-content\/uploads\/2015\/06\/Telefonica-215x300.jpg 215w, https:\/\/elmuseoreimaginado.com\/2015\/wp-content\/uploads\/2015\/06\/Telefonica-734x1024.jpg 734w, https:\/\/elmuseoreimaginado.com\/2015\/wp-content\/uploads\/2015\/06\/Telefonica-143x200.jpg 143w\" sizes=\"auto, (max-width: 215px) 100vw, 215px\" \/><\/a><\/p>\n<p><\/div><\/div><\/p>","protected":false},"excerpt":{"rendered":"<p>All you need to know about Reimagining the Museum.<\/p>\n","protected":false},"author":4,"featured_media":0,"parent":0,"menu_order":0,"comment_status":"open","ping_status":"open","template":"","meta":{"_acf_changed":false,"footnotes":""},"class_list":["post-1025","page","type-page","status-publish","hentry"],"acf":[],"_links":{"self":[{"href":"https:\/\/elmuseoreimaginado.com\/2015\/en\/wp-json\/wp\/v2\/pages\/1025","targetHints":{"allow":["GET"]}}],"collection":[{"href":"https:\/\/elmuseoreimaginado.com\/2015\/en\/wp-json\/wp\/v2\/pages"}],"about":[{"href":"https:\/\/elmuseoreimaginado.com\/2015\/en\/wp-json\/wp\/v2\/types\/page"}],"author":[{"embeddable":true,"href":"https:\/\/elmuseoreimaginado.com\/2015\/en\/wp-json\/wp\/v2\/users\/4"}],"replies":[{"embeddable":true,"href":"https:\/\/elmuseoreimaginado.com\/2015\/en\/wp-json\/wp\/v2\/comments?post=1025"}],"version-history":[{"count":34,"href":"https:\/\/elmuseoreimaginado.com\/2015\/en\/wp-json\/wp\/v2\/pages\/1025\/revisions"}],"predecessor-version":[{"id":1405,"href":"https:\/\/elmuseoreimaginado.com\/2015\/en\/wp-json\/wp\/v2\/pages\/1025\/revisions\/1405"}],"wp:attachment":[{"href":"https:\/\/elmuseoreimaginado.com\/2015\/en\/wp-json\/wp\/v2\/media?parent=1025"}],"curies":[{"name":"wp","href":"https:\/\/api.w.org\/{rel}","templated":true}]}}