{"id":1013,"date":"2015-06-19T19:04:16","date_gmt":"2015-02-28T21:05:01","guid":{"rendered":"http:\/\/elmuseoreimaginado.com\/2015\/programa-2\/"},"modified":"2024-05-21T22:19:46","modified_gmt":"2024-05-21T22:19:46","slug":"programa-2","status":"publish","type":"page","link":"https:\/\/elmuseoreimaginado.com\/2015\/programa-2\/","title":{"rendered":"Programa"},"content":{"rendered":"<p>3 d\u00edas de encuentros intensivos con m\u00e1s de 50 sesiones simult\u00e1neas. Hubo traducciones al ingl\u00e9s, al portugu\u00e9s y al espa\u00f1ol. <a href=\"http:\/\/elmuseoreimaginado.com\/2015\/wp-content\/uploads\/2015\/05\/EMR-Programa-ES.pdf\" target=\"_blank\" rel=\"noopener\">Descarg\u00e1\u00a0el programa completo<\/a>.<br \/>\n<div id=\"accordion-1\" class=\"accordion no-js\" role=\"tablist\"><br \/>\n<h3 id=\"conferencias\" class=\"accordion-title\" role=\"tab\" aria-controls=\"content-conferencias\" aria-selected=\"false\" aria-expanded=\"false\">Conferencias magistrales<\/h3><div id=\"content-conferencias\" class=\"accordion-content\" role=\"tabpanel\" aria-labelledby=\"conferencias\" aria-hidden=\"true\">Influyentes especialistas de la cultura compartieron enfoques novedosos para repensar los museos en el siglo XXI.<\/div><br \/>\n<h3 id=\"paneles-de-dialogo\" class=\"accordion-title\" role=\"tab\" aria-controls=\"content-paneles-de-dialogo\" aria-selected=\"false\" aria-expanded=\"false\">Mesas de di\u00e1logo<\/h3><div id=\"content-paneles-de-dialogo\" class=\"accordion-content\" role=\"tabpanel\" aria-labelledby=\"paneles-de-dialogo\" aria-hidden=\"true\">En cada una de las 10 mesas de di\u00e1logo, un moderador y 4 delegados de diferentes partes del mundo discutieron temas candentes en el campo de los museos. Participaron m\u00e1s de 50 especialistas invitados de Argentina, Chile, Per\u00fa, Brasil, Colombia, Paraguay, Guatemala, Panam\u00e1, Uruguay, M\u00e9xico, Estados Unidos, Reino Unido \u00a1y m\u00e1s!<br \/>\n<\/div><br \/>\n<h3 id=\"talleres\" class=\"accordion-title\" role=\"tab\" aria-controls=\"content-talleres\" aria-selected=\"false\" aria-expanded=\"false\">Talleres<\/h3><div id=\"content-talleres\" class=\"accordion-content\" role=\"tabpanel\" aria-labelledby=\"talleres\" aria-hidden=\"true\"><br \/>\nCon tu inscripci\u00f3n a <strong>El Museo Reimaginado<\/strong> pudiste participar en 2 talleres:<br \/>\n1 taller colectivo, en el que participaron todos los asistentes de <strong>El Museo Reimaginado<\/strong><br \/>\n1 taller a elecci\u00f3n para trabajar sobre un tema espec\u00edfico en grupos reducidos.<\/div><br \/>\n<h3 id=\"el-juicio\" class=\"accordion-title\" role=\"tab\" aria-controls=\"content-el-juicio\" aria-selected=\"false\" aria-expanded=\"false\">El juicio<\/h3><div id=\"content-el-juicio\" class=\"accordion-content\" role=\"tabpanel\" aria-labelledby=\"el-juicio\" aria-hidden=\"true\">El uso de dispositivos m\u00f3viles en los museos. \u00bfRecomendable o desaconsejable? Semejante discusi\u00f3n merece ser enjuiciada. Un juez, un fiscal, un abogado defensor, algunos testigos informados\u2026 y toda la audiencia como jurado. \u00a1No falt\u00f3 la sentencia! <\/div><br \/>\n<h3 id=\"en-escena\" class=\"accordion-title\" role=\"tab\" aria-controls=\"content-en-escena\" aria-selected=\"false\" aria-expanded=\"false\">En escena<\/h3><div id=\"content-en-escena\" class=\"accordion-content\" role=\"tabpanel\" aria-labelledby=\"en-escena\" aria-hidden=\"true\">Sesiones de presentaciones \u00e1giles de 6 minutos para 16 casos innovadores.\u00a0Esa frustraci\u00f3n que se transform\u00f3 en el mejor aprendizaje, la aventura de la vida como profesional de museos, aquella resoluci\u00f3n creativa que te enorgullece\u2026 \u00a1Y otras experiencias apasionantes!\u00a0<\/div><br \/>\n<h3 id=\"la-coronacion\" class=\"accordion-title\" role=\"tab\" aria-controls=\"content-la-coronacion\" aria-selected=\"false\" aria-expanded=\"false\">La coronaci\u00f3n<\/h3><div id=\"content-la-coronacion\" class=\"accordion-content\" role=\"tabpanel\" aria-labelledby=\"la-coronacion\" aria-hidden=\"true\">Concurso de proyectos in\u00e9ditos en el que los 5 participantes seleccionados presentaron sus ideas con un jurado que evaluar\u00e1 y anunciar\u00e1 un ganador. El mejor plan fue coronado por <strong>El Museo Reimaginado<\/strong><i>.\u00a0<\/i><\/div><br \/>\n<h3 id=\"actividades-de-networking\" class=\"accordion-title\" role=\"tab\" aria-controls=\"content-actividades-de-networking\" aria-selected=\"false\" aria-expanded=\"false\">Actividades de networking<\/h3><div id=\"content-actividades-de-networking\" class=\"accordion-content\" role=\"tabpanel\" aria-labelledby=\"actividades-de-networking\" aria-hidden=\"true\">Uno de los objetivos centrales de <b>El Museo Reimaginado<\/b> es promover el networking entre todos los asistentes, a trav\u00e9s de instancias de intercambio profesional y encuentros informales.\u00a0Creemos que la posibilidad de conocernos cara cara y entablar relaciones personales entre quienes buscamos reimaginar los museos de Am\u00e9rica es fundamental. Por eso, adem\u00e1s del intenso programa de mesas de di\u00e1logo y talleres, te propusimos:<\/p>\n<ul>\n<li>18 almuerzos tem\u00e1ticos en el TyPA\/Caf\u00e9, con el fin de crear redes de colaboraci\u00f3n<\/li>\n<li>5 C\u00f3cteles y visitas a museos destacados de la ciudad y sus alrededores.<\/li>\n<li>3 viajes a lo m\u00e1s profundo de la mente de 3 de los oradores invitados<\/li>\n<li>1 museo pop-up sobre nuestra pasi\u00f3n por los museos<\/li>\n<li>1 plataforma digital de intercambio profesional<\/li>\n<li>1 fiesta de cierre con m\u00fasica y baile<\/li>\n<li>Y mucho, mucho, m\u00e1s.<i>\u00a0<\/i><\/li>\n<\/ul>\n<p><\/div><br \/>\n<h3 id=\"expo\" class=\"accordion-title\" role=\"tab\" aria-controls=\"content-expo\" aria-selected=\"false\" aria-expanded=\"false\">Expo<\/h3><div id=\"content-expo\" class=\"accordion-content\" role=\"tabpanel\" aria-labelledby=\"expo\" aria-hidden=\"true\">\u00a0La Expo fue una plataforma de encuentro entre todos los asistentes de El Museo Reimaginado (m\u00e1s de 400 profesionales del sector) y las propuestas de instituciones culturales, fundaciones y proveedores de servicios y productos que puedan ser atractivos para museos. Se trat\u00f3 de una ventana de exhibici\u00f3n e intercambio \u00fanica e in\u00e9dita.\u00a0Conoc\u00e9 a nuestros Expositores.<\/p>\n<p><a href=\"http:\/\/elmuseoreimaginado.com\/2015\/wp-content\/uploads\/2015\/06\/LOGO-CONSERVARTE-chico.jpg\"><img loading=\"lazy\" decoding=\"async\" class=\"  wp-image-1361 alignnone\" src=\"http:\/\/elmuseoreimaginado.com\/2015\/wp-content\/uploads\/2015\/06\/LOGO-CONSERVARTE-chico-300x91.jpg\" alt=\"LOGO CONSERVARTE chico\" width=\"231\" height=\"70\" srcset=\"https:\/\/elmuseoreimaginado.com\/2015\/wp-content\/uploads\/2015\/06\/LOGO-CONSERVARTE-chico-300x91.jpg 300w, https:\/\/elmuseoreimaginado.com\/2015\/wp-content\/uploads\/2015\/06\/LOGO-CONSERVARTE-chico-1024x312.jpg 1024w, https:\/\/elmuseoreimaginado.com\/2015\/wp-content\/uploads\/2015\/06\/LOGO-CONSERVARTE-chico-200x61.jpg 200w\" sizes=\"auto, (max-width: 231px) 100vw, 231px\" \/><\/a><\/p>\n<p><strong>CONSERVARTE<br \/>\n<\/strong>Buenos Aires, Argentina<br \/>\nEmpresa dedicada a la conservaci\u00f3n y preservaci\u00f3n art\u00edstica, fotogr\u00e1fica y documental. Brinda servicios preventivos y correctivos para la guarda y manipulaci\u00f3n de bienes de valor hist\u00f3rico, patrimonial o personal.<br \/>\nContacto: Olga Are\u00e1n (Directora Ejecutiva)<br \/>\nE-mail: \u200bconservarte@conservarteonline.com.ar<a href=\"http:\/\/conservarteonline.com.ar\/\"><br \/>\n<\/a>Website: <a href=\"http:\/\/www.conservarteonline.com.ar\/\">http:\/\/www.conservarteonline.com.ar\/<\/a><\/p>\n<p><a href=\"http:\/\/elmuseoreimaginado.com\/2015\/wp-content\/uploads\/2015\/06\/FCO_BE_AR_BUE2_PS_1S.png\"><img loading=\"lazy\" decoding=\"async\" class=\"  wp-image-1314 alignnone\" src=\"http:\/\/elmuseoreimaginado.com\/2015\/wp-content\/uploads\/2015\/06\/FCO_BE_AR_BUE2_PS_1S-300x226.png\" alt=\"FCO_BE_AR_BUE2_PS_1S\" width=\"200\" height=\"151\" srcset=\"https:\/\/elmuseoreimaginado.com\/2015\/wp-content\/uploads\/2015\/06\/FCO_BE_AR_BUE2_PS_1S-300x226.png 300w, https:\/\/elmuseoreimaginado.com\/2015\/wp-content\/uploads\/2015\/06\/FCO_BE_AR_BUE2_PS_1S-200x150.png 200w, https:\/\/elmuseoreimaginado.com\/2015\/wp-content\/uploads\/2015\/06\/FCO_BE_AR_BUE2_PS_1S.png 754w\" sizes=\"auto, (max-width: 200px) 100vw, 200px\" \/><\/a><\/p>\n<p><strong>EMBAJADA BRITANICA<br \/>\n<\/strong>Buenos Aires, Argentina<br \/>\nEl Reino Unido es l\u00edder mundial en el sector de museos y atracciones. Cuenta con una amplia oferta de empresas que ofrecen productos y servicios tales como master planning, interpretaci\u00f3n y dise\u00f1o de exhibiciones, soluciones tecnol\u00f3gicas y digitales, optimizaci\u00f3n de la experiencia del visitante, administraci\u00f3n de colecciones, consultor\u00eda, capacitaci\u00f3n, marketing, fundraising y exposiciones itinerantes para los museos m\u00e1s renombrados del Reino Unido y el mundo.<br \/>\nContacto: Fabiana Cabral (Asesora de Comercio e Inversiones, UKTI-Experience Economy)<br \/>\nE-mail: fabiana.cabral@fco.gov.uk<u><br \/>\n<\/u>Website\/Twitter\/Facebook: <a href=\"http:\/\/www.experienceuk.org\">www.experienceuk.org<\/a>\/\u00a0<a href=\"http:\/\/@ukinargentina\">@ukinargentina<\/a> \/\u00a0<a href=\"http:\/\/www.facebook.com\/ukinargentina\">www.facebook.com\/ukinargentina<\/a><\/p>\n<p><a href=\"http:\/\/elmuseoreimaginado.com\/2015\/wp-content\/uploads\/2015\/06\/Estudio-Cavallero-logo-ok-2.jpg\"><img loading=\"lazy\" decoding=\"async\" class=\"  wp-image-1316 alignnone\" src=\"http:\/\/elmuseoreimaginado.com\/2015\/wp-content\/uploads\/2015\/06\/Estudio-Cavallero-logo-ok-2-300x227.jpg\" alt=\"Estudio Cavallero (logo ok)-2\" width=\"178\" height=\"135\" srcset=\"https:\/\/elmuseoreimaginado.com\/2015\/wp-content\/uploads\/2015\/06\/Estudio-Cavallero-logo-ok-2-300x227.jpg 300w, https:\/\/elmuseoreimaginado.com\/2015\/wp-content\/uploads\/2015\/06\/Estudio-Cavallero-logo-ok-2-1024x777.jpg 1024w, https:\/\/elmuseoreimaginado.com\/2015\/wp-content\/uploads\/2015\/06\/Estudio-Cavallero-logo-ok-2-200x152.jpg 200w, https:\/\/elmuseoreimaginado.com\/2015\/wp-content\/uploads\/2015\/06\/Estudio-Cavallero-logo-ok-2.jpg 1713w\" sizes=\"auto, (max-width: 178px) 100vw, 178px\" \/><\/a><\/p>\n<p><strong>ESTUDIO CAVALLERO<br \/>\n<\/strong>Buenos Aires, Argentina<br \/>\nEstudio Cavallero es un estudio de Dise\u00f1o Editorial, Gr\u00e1fico, Industrial y de Fotograf\u00eda. El estudio se especializa fundamentalmente en dise\u00f1o editorial, fotograf\u00eda de obras de arte, cat\u00e1logos de artistas y colecciones de libros de arte.<br \/>\nContacto: Juan Cavallero (Director)<br \/>\nE-mail: <a href=\"mailto:contacto@estudiocavallero.com\">contacto@estudiocavallero.com<br \/>\n<\/a>Website: <a href=\"http:\/\/www.estudiocavallero.com\">www.estudiocavallero.com<\/a><\/p>\n<p><a href=\"http:\/\/elmuseoreimaginado.com\/2015\/wp-content\/uploads\/2015\/06\/logo-1-ALTA-RESOLUCION.jpg\"><img loading=\"lazy\" decoding=\"async\" class=\"  wp-image-1317 alignnone\" src=\"http:\/\/elmuseoreimaginado.com\/2015\/wp-content\/uploads\/2015\/06\/logo-1-ALTA-RESOLUCION-300x150.jpg\" alt=\"logo 1 ALTA RESOLUCION\" width=\"214\" height=\"107\" srcset=\"https:\/\/elmuseoreimaginado.com\/2015\/wp-content\/uploads\/2015\/06\/logo-1-ALTA-RESOLUCION-300x150.jpg 300w, https:\/\/elmuseoreimaginado.com\/2015\/wp-content\/uploads\/2015\/06\/logo-1-ALTA-RESOLUCION-1024x512.jpg 1024w, https:\/\/elmuseoreimaginado.com\/2015\/wp-content\/uploads\/2015\/06\/logo-1-ALTA-RESOLUCION-200x100.jpg 200w, https:\/\/elmuseoreimaginado.com\/2015\/wp-content\/uploads\/2015\/06\/logo-1-ALTA-RESOLUCION.jpg 1523w\" sizes=\"auto, (max-width: 214px) 100vw, 214px\" \/><\/a><\/p>\n<p><strong>EDITORIAL MARCO POLO<br \/>\n<\/strong>M\u00e9xico D.F., M\u00e9xico<br \/>\nMarco Polo ofrece soluciones a la medida, de requerimientos espec\u00edficos, para archivo, conservaci\u00f3n, restauraci\u00f3n y montaje de libros, documentos, materiales gr\u00e1ficos y museogr\u00e1ficos. Dise\u00f1a y equipa: b\u00f3vedas climatizadas y talleres de restauraci\u00f3n para la conservaci\u00f3n de colecciones de patrimonio cultural. Fabrica equipos especializados para fumigaci\u00f3n y extracci\u00f3n de gases y vapores, que brindan seguridad \u00a0y eficacia \u00a0a los profesionales responsables del cuidado de los acervos. Comercializa una amplia gama de \u00a0materiales y accesorios para archivo, conservaci\u00f3n, encuadernaci\u00f3n y montaje.<br \/>\nContacto: Alejandra \u00c1vila de Garay<br \/>\nE-mail: alejandra.avila@edmarcopolo.com<br \/>\nWebsite\/Twitter: \u00a0<a href=\"http:\/\/www.edmarcopolo.com\">www.edmarcopolo.com<\/a> \/\u00a0<a href=\"http:\/\/@edmarcopolo\">@edmarcopolo<\/a><\/p>\n<p><a href=\"http:\/\/elmuseoreimaginado.com\/2015\/wp-content\/uploads\/2015\/06\/logo-GP.jpg\"><img loading=\"lazy\" decoding=\"async\" class=\"  wp-image-1318 alignnone\" src=\"http:\/\/elmuseoreimaginado.com\/2015\/wp-content\/uploads\/2015\/06\/logo-GP-300x104.jpg\" alt=\"logo GP\" width=\"219\" height=\"76\" srcset=\"https:\/\/elmuseoreimaginado.com\/2015\/wp-content\/uploads\/2015\/06\/logo-GP-300x104.jpg 300w, https:\/\/elmuseoreimaginado.com\/2015\/wp-content\/uploads\/2015\/06\/logo-GP-1024x356.jpg 1024w, https:\/\/elmuseoreimaginado.com\/2015\/wp-content\/uploads\/2015\/06\/logo-GP-200x70.jpg 200w\" sizes=\"auto, (max-width: 219px) 100vw, 219px\" \/><\/a><\/p>\n<p><strong>FUNDACIONES GRUPO PETERSEN<br \/>\n<\/strong>Fundaci\u00f3n Banco San Juan, Fundaci\u00f3n Banco Santa Fe, Fundaci\u00f3n Nuevo Banco de Entre R\u00edos y Fundaci\u00f3n Banco Santa Cruz<br \/>\nLas Fundaciones del Grupo Petersen expresan el esp\u00edritu de un conjunto de personas con el objetivo com\u00fan de construir un pa\u00eds mejor a trav\u00e9s del desarrollo de programas educativos y culturales. Entre sus principales alcances se encuentra la adecuada articulaci\u00f3n y cooperaci\u00f3n entre la gesti\u00f3n p\u00fablica y privada. Sus \u00e1reas de acci\u00f3n son el voluntariado corporativo, la educaci\u00f3n, la cultura y el cr\u00e9dito fiscal.<br \/>\nContacto: Dr. Cecilia Hancevic (Coordinadora General Fundaciones Grupo Petersen)<br \/>\nE-mail: hancevicm@bancobsf.com.ar<br \/>\nWebsite\/Twitter\/Facebook: <a href=\"http:\/\/www.fundacionbsj.org.ar\/\">www.fundacionbsj.org.ar<\/a> \/ <a href=\"http:\/\/www.fundacionbsf.org.ar\/\">www.fundacionbsf.org.ar<\/a> \/ <a href=\"http:\/\/www.fundacionbersa.org.ar\/\">www.fundacionbersa.org.ar<\/a> \/ <a href=\"http:\/\/www.fundacionbsc.org.ar\/\">www.fundacionbsc.org.ar<\/a><\/p>\n<p><a href=\"http:\/\/elmuseoreimaginado.com\/2015\/wp-content\/uploads\/2015\/06\/logo-MPBAFR-San-Juan-2.png\"><img loading=\"lazy\" decoding=\"async\" class=\"  wp-image-1330 alignnone\" src=\"http:\/\/elmuseoreimaginado.com\/2015\/wp-content\/uploads\/2015\/06\/logo-MPBAFR-San-Juan-2-300x209.png\" alt=\"logo MPBAFR San Juan 2\" width=\"214\" height=\"149\" srcset=\"https:\/\/elmuseoreimaginado.com\/2015\/wp-content\/uploads\/2015\/06\/logo-MPBAFR-San-Juan-2-300x209.png 300w, https:\/\/elmuseoreimaginado.com\/2015\/wp-content\/uploads\/2015\/06\/logo-MPBAFR-San-Juan-2-1024x712.png 1024w, https:\/\/elmuseoreimaginado.com\/2015\/wp-content\/uploads\/2015\/06\/logo-MPBAFR-San-Juan-2-200x139.png 200w, https:\/\/elmuseoreimaginado.com\/2015\/wp-content\/uploads\/2015\/06\/logo-MPBAFR-San-Juan-2.png 1632w\" sizes=\"auto, (max-width: 214px) 100vw, 214px\" \/><\/a><\/p>\n<p><strong>MUSEO PROVINCIAL DE BELLAS ARTES FRANKLIN RAWSON<br \/>\n<\/strong>San Juan, Argentina<br \/>\nEl Museo Provincial de Bellas Artes Franklin Rawson se inaugur\u00f3 el 26 de noviembre de 1936. En 2011 abri\u00f3 las puertas de su sede definitiva, inaugur\u00e1ndose as\u00ed una nueva etapa. \u00a0Hoy cuenta con un edificio de vanguardia, su colecci\u00f3n es una de las m\u00e1s importantes de arte argentino del pa\u00eds y es un referente en la regi\u00f3n. Sus pilares son la educaci\u00f3n, la investigaci\u00f3n y la inserci\u00f3n en la comunidad. Su objetivo es la difusi\u00f3n de los valores de la colecci\u00f3n, ofrecer una programaci\u00f3n de excelencia y contribuir al desarrollo del arte contempor\u00e1neo, funcionando tambi\u00e9n como un centro cultural que aglutine actividades art\u00edsticas de diversas disciplinas.<br \/>\nContacto: Virginia Agote (Directora)<br \/>\nE-mail: museobasj@gmail.com \/ viragote@gmail.com<\/p>\n<p><a href=\"http:\/\/elmuseoreimaginado.com\/2015\/wp-content\/uploads\/2015\/06\/patagonia-aplicacion-marcas-01.png\"><img loading=\"lazy\" decoding=\"async\" class=\"  wp-image-1319 alignnone\" src=\"http:\/\/elmuseoreimaginado.com\/2015\/wp-content\/uploads\/2015\/06\/patagonia-aplicacion-marcas-01-300x95.png\" alt=\"patagonia-aplicacion-marcas-01\" width=\"202\" height=\"64\" srcset=\"https:\/\/elmuseoreimaginado.com\/2015\/wp-content\/uploads\/2015\/06\/patagonia-aplicacion-marcas-01-300x95.png 300w, https:\/\/elmuseoreimaginado.com\/2015\/wp-content\/uploads\/2015\/06\/patagonia-aplicacion-marcas-01-1024x325.png 1024w, https:\/\/elmuseoreimaginado.com\/2015\/wp-content\/uploads\/2015\/06\/patagonia-aplicacion-marcas-01-200x63.png 200w\" sizes=\"auto, (max-width: 202px) 100vw, 202px\" \/><\/a><\/p>\n<p><strong>PATAGONIATEC<br \/>\n<\/strong>Buenos Aires, Argentina<br \/>\nEmpresa dedicada a la importaci\u00f3n y comercializaci\u00f3n de hardware tecnol\u00f3gico de f\u00e1cil acceso y programaci\u00f3n. Buscamos componentes electr\u00f3nicos que puedan ser utilizados por todos, y nos especializamos en ofrecer adem\u00e1s de la comercializaci\u00f3n, un servicio de pre y post venta, dedicando el tiempo que sea necesario para que aprendas y puedas utilizar el componente que se esta comprando.<br \/>\nContacto: Omar Iv\u00e1n Fardjoume (Fundador)<br \/>\nE-mail: ivanf@patagoniatec.com<br \/>\nWebsite: <a href=\"http:\/\/www.patagoniatec.com\">www.patagoniatec.com<\/a><\/p>\n<p><a href=\"http:\/\/elmuseoreimaginado.com\/2015\/wp-content\/uploads\/2015\/06\/LOGO-TAREA-AZUL-01.png\"><img loading=\"lazy\" decoding=\"async\" class=\"  wp-image-1321 alignnone\" src=\"http:\/\/elmuseoreimaginado.com\/2015\/wp-content\/uploads\/2015\/06\/LOGO-TAREA-AZUL-01-300x160.png\" alt=\"LOGO TAREA AZUL-01\" width=\"203\" height=\"108\" srcset=\"https:\/\/elmuseoreimaginado.com\/2015\/wp-content\/uploads\/2015\/06\/LOGO-TAREA-AZUL-01-300x160.png 300w, https:\/\/elmuseoreimaginado.com\/2015\/wp-content\/uploads\/2015\/06\/LOGO-TAREA-AZUL-01-1024x545.png 1024w, https:\/\/elmuseoreimaginado.com\/2015\/wp-content\/uploads\/2015\/06\/LOGO-TAREA-AZUL-01-200x107.png 200w\" sizes=\"auto, (max-width: 203px) 100vw, 203px\" \/><\/a><\/p>\n<p><strong>TAREA \/ Instituto de investigaciones sobre el patrimonio cultural<br \/>\n<\/strong>Buenos Aires, Argentina<br \/>\nTarea Instituto de Investigaciones sobre el Patrimonio Cultural de la UNSAM sigue una larga tradici\u00f3n iniciada en 1987 con la creaci\u00f3n de la Fundaci\u00f3n Tarea. El Instituto re\u00fane un conjunto de especialistas en restauraci\u00f3n, qu\u00edmica e historia del arte que atiende las necesidades de preservaci\u00f3n del patrimonio de los museos, instituciones p\u00fablicas, bibliotecas, archivos, entidades privadas y bienes de la Iglesia en todo el pa\u00eds. Desde 2007 dicta una maestr\u00eda y una carrera de especializaci\u00f3n en conservaci\u00f3n de bienes culturales.<br \/>\nContacto: Damasia Gallegos (Directora)<br \/>\nE-mail: tarea.unsam@gmail.com<br \/>\nWebsite\/Facebook: <a href=\"http:\/\/www.unsam.edu.ar\/institutos\/tarea\">www.unsam.edu.ar\/institutos\/tarea<\/a>\/ <a href=\"http:\/\/www.facebook.com\/IIPCTallerTarea\">www.facebook.com\/IIPCTallerTarea<\/a><\/p>\n<p><a href=\"http:\/\/elmuseoreimaginado.com\/2015\/wp-content\/uploads\/2015\/06\/IsoLogo-50-por-19-mm-300dpi.png\"><img loading=\"lazy\" decoding=\"async\" class=\"  wp-image-1322 alignnone\" src=\"http:\/\/elmuseoreimaginado.com\/2015\/wp-content\/uploads\/2015\/06\/IsoLogo-50-por-19-mm-300dpi-300x95.png\" alt=\"IsoLogo 50 por 19 mm 300dpi\" width=\"243\" height=\"77\" srcset=\"https:\/\/elmuseoreimaginado.com\/2015\/wp-content\/uploads\/2015\/06\/IsoLogo-50-por-19-mm-300dpi-300x95.png 300w, https:\/\/elmuseoreimaginado.com\/2015\/wp-content\/uploads\/2015\/06\/IsoLogo-50-por-19-mm-300dpi-200x63.png 200w, https:\/\/elmuseoreimaginado.com\/2015\/wp-content\/uploads\/2015\/06\/IsoLogo-50-por-19-mm-300dpi.png 591w\" sizes=\"auto, (max-width: 243px) 100vw, 243px\" \/><\/a><\/p>\n<p><strong>TRIARSA<br \/>\n<\/strong>Buenos Aires, Argentina<br \/>\nCon m\u00e1s de 15 a\u00f1os en el mercado de software, somos proveedores de soluciones tecnol\u00f3gicas para espacios culturales y colecciones actuales:<br \/>\nSoftware de Gesti\u00f3n de la Colecci\u00f3n: TMS, The Museum System (informaci\u00f3n, historia de cada pieza, autores, adquisiciones, ubicaci\u00f3n, movimientos, muestras y eventos, seguros, pr\u00e9stamos, base para publicaci\u00f3n Web) \/ Desarrollo de Apps multimedia interactivas \/ Control Ambiental para Prevenci\u00f3n del Patrimonio (sensores de temperatura, luz, movimiento y actuadores de instalaci\u00f3n en seco)<br \/>\nContacto: Mar\u00eda Gabriela Serkin (Socia)<br \/>\nE-mail: gserkin@triarsa.com.ar<br \/>\nWebsite: <a href=\"http:\/\/www.triarsa.com.ar\/\">www.triarsa.com.ar<\/a><\/p>\n<p><a href=\"http:\/\/elmuseoreimaginado.com\/2015\/wp-content\/uploads\/2015\/06\/LogouDiscover1sin-fondo.png\"><img loading=\"lazy\" decoding=\"async\" class=\"  wp-image-1323 alignnone\" src=\"http:\/\/elmuseoreimaginado.com\/2015\/wp-content\/uploads\/2015\/06\/LogouDiscover1sin-fondo-300x137.png\" alt=\"LogouDiscover1sin fondo\" width=\"195\" height=\"89\" srcset=\"https:\/\/elmuseoreimaginado.com\/2015\/wp-content\/uploads\/2015\/06\/LogouDiscover1sin-fondo-300x137.png 300w, https:\/\/elmuseoreimaginado.com\/2015\/wp-content\/uploads\/2015\/06\/LogouDiscover1sin-fondo-1024x469.png 1024w, https:\/\/elmuseoreimaginado.com\/2015\/wp-content\/uploads\/2015\/06\/LogouDiscover1sin-fondo-200x92.png 200w\" sizes=\"auto, (max-width: 195px) 100vw, 195px\" \/><\/a><\/p>\n<p><strong>WLG INNOVATIONS<br \/>\n<\/strong>Caguas, Puerto Rico<br \/>\nDesarrollamos experiencias innovadoras para plataformas m\u00f3viles. La visi\u00f3n de la plataforma uDiscover es a\u00f1adir valor a la experiencia del visitante\u00a0\u00a0en atracciones recreativas, tur\u00edsticas y culturales, buscando servir un rengl\u00f3n del mercado que usualmente no puede gozar de costosos adelantos tecnol\u00f3gicos. Nuestra aplicaci\u00f3n m\u00f3vil le ofrece opciones como: modelo de negocio que no implica hacer una gran inversi\u00f3n, contenido educativo\/interpretativo y facilidad para cambiar contenido asegurando diversidad y logrando visitas repetitivas.<br \/>\nContacto: Jessica Oppenheimer (Creadora de contenido)<br \/>\nE-mail: <u>jessicaopp@live.com<br \/>\n<\/u>Website\/Twitter\/Facebook: <a href=\"http:\/\/wlginnovations.com\">http:\/\/wlginnovations.com<\/a>\/\u00a0<a href=\"http:\/\/udiscoverapp.com\">http:\/\/udiscoverapp.com<\/a>\/\u00a0<a href=\"http:\/\/@WLGInnovations\">@WLGInnovations<\/a>\/ \u00a0<a href=\"https:\/\/www.facebook.com\/udiscoverapp?fref=ts\">https:\/\/www.facebook.com\/udiscoverapp?fref=ts<\/a><\/p>\n<p><a href=\"http:\/\/elmuseoreimaginado.com\/2015\/wp-content\/uploads\/2015\/06\/SuperHD-Logo-ESP.jpg\"><img loading=\"lazy\" decoding=\"async\" class=\"  alignnone wp-image-1324\" src=\"http:\/\/elmuseoreimaginado.com\/2015\/wp-content\/uploads\/2015\/06\/SuperHD-Logo-ESP.jpg\" alt=\"SuperHD Logo ESP\" width=\"218\" height=\"91\" \/><\/a><\/p>\n<p><strong>ZONE DISPLAY CASES<br \/>\n<\/strong>Quebec, Canad\u00e1<br \/>\nVitrinas de exhibici\u00f3n de alta calidad y clima controlado, fabricadas con componentes adecuados para archivar. Nuestra l\u00ednea de productos incluye sistemas de vitrinas modulares, modelos est\u00e1ndar y vitrinas hechas a medida de todo tipo y tama\u00f1o. Se realizan gracias a un proceso de dise\u00f1o y fabricaci\u00f3n asistido por computadora (CAD-CAM), un proceso \u00fanico en nuestro campo de trabajo. Esto nos permite realizar pruebas en pre-producci\u00f3n a prueba de error para lograr la precisi\u00f3n y las tolerancias que son necesarias en la fabricaci\u00f3n de vitrinas herm\u00e9ticas.\u00a0Se entregan e instalan en cualquier parte del mundo.<br \/>\nContacto: Pierre Gigu\u00e8re (Director de ventas)<br \/>\nE-mail: pguigere@zonedisplaycases.com<br \/>\nWebsite: <a href=\"http:\/\/www.zonedisplaycases.com\">www.zonedisplaycases.com<\/a>\u00a0<span style=\"line-height: 1.5;\"><\/div><\/span><br \/>\n<\/div><\/p>","protected":false},"excerpt":{"rendered":"<p>3 d\u00edas de encuentros intensivos con m\u00e1s de 50 sesiones simult\u00e1neas. Hubo traducciones al ingl\u00e9s, al portugu\u00e9s y al espa\u00f1ol. [&hellip;]<\/p>\n","protected":false},"author":4,"featured_media":0,"parent":0,"menu_order":2,"comment_status":"open","ping_status":"closed","template":"","meta":{"_acf_changed":false,"footnotes":""},"class_list":["post-1013","page","type-page","status-publish","hentry"],"acf":[],"_links":{"self":[{"href":"https:\/\/elmuseoreimaginado.com\/2015\/wp-json\/wp\/v2\/pages\/1013","targetHints":{"allow":["GET"]}}],"collection":[{"href":"https:\/\/elmuseoreimaginado.com\/2015\/wp-json\/wp\/v2\/pages"}],"about":[{"href":"https:\/\/elmuseoreimaginado.com\/2015\/wp-json\/wp\/v2\/types\/page"}],"author":[{"embeddable":true,"href":"https:\/\/elmuseoreimaginado.com\/2015\/wp-json\/wp\/v2\/users\/4"}],"replies":[{"embeddable":true,"href":"https:\/\/elmuseoreimaginado.com\/2015\/wp-json\/wp\/v2\/comments?post=1013"}],"version-history":[{"count":56,"href":"https:\/\/elmuseoreimaginado.com\/2015\/wp-json\/wp\/v2\/pages\/1013\/revisions"}],"predecessor-version":[{"id":1647,"href":"https:\/\/elmuseoreimaginado.com\/2015\/wp-json\/wp\/v2\/pages\/1013\/revisions\/1647"}],"wp:attachment":[{"href":"https:\/\/elmuseoreimaginado.com\/2015\/wp-json\/wp\/v2\/media?parent=1013"}],"curies":[{"name":"wp","href":"https:\/\/api.w.org\/{rel}","templated":true}]}}