{"id":1025,"date":"2015-06-19T19:49:08","date_gmt":"2015-06-19T19:49:08","guid":{"rendered":"http:\/\/elmuseoreimaginado.com\/2015\/?page_id=1025"},"modified":"2015-09-22T13:43:08","modified_gmt":"2015-09-22T13:43:08","slug":"que-es-el-museo-reimaginado","status":"publish","type":"page","link":"https:\/\/elmuseoreimaginado.com\/2015\/que-es-el-museo-reimaginado\/","title":{"rendered":"Qu\u00e9 es El Museo Reimaginado"},"content":{"rendered":"<p>Todo lo que necesit\u00e1s saber sobre El Museo Reimaginado.<\/p>\n<p><div id=\"accordion-1\" class=\"accordion no-js\" role=\"tablist\"><br \/>\n<h3 id=\"que\" class=\"accordion-title\" role=\"tab\" aria-controls=\"content-que\" aria-selected=\"false\" aria-expanded=\"false\">\u00bfQu\u00e9?<\/h3><div id=\"content-que\" class=\"accordion-content\" role=\"tabpanel\" aria-labelledby=\"que\" aria-hidden=\"true\">Fundaci\u00f3n TyPA (Teor\u00eda y Pr\u00e1ctica de las Artes), en Argentina, y AAM (American Alliance of Museums), en Estados Unidos, unieron fuerzas para presentar <strong>El Museo Reimaginado &#8211; Encuentro de profesionales de museos de Am\u00e9rica.<\/strong> \u00danica en su modalidad y realizada por primera vez en Am\u00e9rica Latina, esta reuni\u00f3n convoc\u00f3 a m\u00e1s de 600 profesionales de museos de todo el continente. <strong>El Museo Reimaginado<\/strong>\u00a0fue una plataforma para poner en escena las mejores metodolog\u00edas, ideas innovadoras y enfoques creativos, adem\u00e1s de compartir respuestas exitosas a problemas comunes. Se busc\u00f3\u00a0formar una red de profesionales de Am\u00e9rica que creemos ser\u00e1 la herramienta ideal para seguir promoviendo la transformaci\u00f3n positiva en el campo de los museos.<\/div><br \/>\n<h3 id=\"donde-y-cuando\" class=\"accordion-title\" role=\"tab\" aria-controls=\"content-donde-y-cuando\" aria-selected=\"false\" aria-expanded=\"false\">\u00bfD\u00f3nde y cu\u00e1ndo?<\/h3><div id=\"content-donde-y-cuando\" class=\"accordion-content\" role=\"tabpanel\" aria-labelledby=\"donde-y-cuando\" aria-hidden=\"true\">En la <a href=\"http:\/\/www.usinadelarte.org\" target=\"_blank\">Usina del Arte<\/a>, Ciudad de Buenos Aires, Argentina, del mi\u00e9rcoles 2 al viernes 4 de septiembre de 2015.\u00a0<\/div><br \/>\n<h3 id=\"como\" class=\"accordion-title\" role=\"tab\" aria-controls=\"content-como\" aria-selected=\"false\" aria-expanded=\"false\">\u00bfC\u00f3mo?<\/h3><div id=\"content-como\" class=\"accordion-content\" role=\"tabpanel\" aria-labelledby=\"como\" aria-hidden=\"true\">\u00a0M\u00e1s de 50 sesiones y actividades durante 3 d\u00edas intensivos de encuentros en primera persona y discusiones encendidas.<br \/>\n<span style=\"color: black;\">.\u00a04 CONFERENCIAS MAGISTRALES de expertos mundiales en cultura y museos<br \/>\n. 9 MESAS DE DI\u00c1LOGO con 50 CASOS exitosos de todo el continente<br \/>\n<\/span>. 3\u00a0CONVERSACIONES INTIMAS con 3 de los oradores invitados<br \/>\n<span style=\"color: black;\">. 2 sesiones de PRESENTACIONES \u00c1GILES de 16 CASOS innovadores<br \/>\n. 1 JUICIO al uso de los dispositivos electr\u00f3nicos en museos<br \/>\n. 1 Sesi\u00f3n de ANTICONFERENCIA<br \/>\n. CONCURSO para 5 proyectos destacados con un premio para su realizaci\u00f3n<br \/>\n. 9 TALLERES GRUPALES sobre temas de actualidad<br \/>\n. 1 TALLER COLECTIVO con los 600 participantes para discutir el primer manifiesto de museos de Am\u00e9rica<br \/>\n. EXPO con 11 stands de 5 pa\u00edses<br \/>\n. 18 ALMUERZOS TEM\u00c1TICOS con el fin de crear redes de colaboraci\u00f3n<br \/>\n. 5 VISITAS Y ACTIVIDADES EN MUSEOS destacados de la ciudad y sus alrededores.<br \/>\n. MUSEO POP-UP sobre\u00a0el reol de la imaginaci\u00f3n en los museos<br \/>\n. 1 FIESTA DE CIERRE con m\u00fasica y baile<br \/>\n<\/span><\/div><h3 id=\"quienes\" class=\"accordion-title\" role=\"tab\" aria-controls=\"content-quienes\" aria-selected=\"false\" aria-expanded=\"false\">\u00bfQui\u00e9nes?<\/h3><div id=\"content-quienes\" class=\"accordion-content\" role=\"tabpanel\" aria-labelledby=\"quienes\" aria-hidden=\"true\">M\u00e1s de 600 personas que buscan incidir en el campo de los museos de la regi\u00f3n participaron en el encuentro. \u00a0Profesionales de museos, gestores culturales, dise\u00f1adores, emprendedores, artistas, educadores y quienes\u00a0quisieron\u00a0reimaginar los museos de Am\u00e9rica. Fueron 24 los pa\u00edses representados, y m\u00e1s de 220 las organizaciones culturales.<\/div><br \/>\n<h3 id=\"organizado-por\" class=\"accordion-title\" role=\"tab\" aria-controls=\"content-organizado-por\" aria-selected=\"false\" aria-expanded=\"false\">ORGANIZADO POR FUNDACI\u00d3N TyPA EN CONJUNTO CON AAM<\/h3><div id=\"content-organizado-por\" class=\"accordion-content\" role=\"tabpanel\" aria-labelledby=\"organizado-por\" aria-hidden=\"true\"><\/p>\n<h3><strong><a href=\"http:\/\/www.aam-us.org\/\" target=\"_blank\"><img loading=\"lazy\" decoding=\"async\" class=\"alignnone wp-image-268\" src=\"http:\/\/elmuseoreimaginado.com\/2015\/wp-content\/uploads\/2015\/02\/american-alliance-of-museums-copy-300x181-300x181.jpg\" alt=\"american-alliance-of-museums-copy-300x181\" width=\"175\" height=\"106\" srcset=\"https:\/\/elmuseoreimaginado.com\/2015\/wp-content\/uploads\/2015\/02\/american-alliance-of-museums-copy-300x181.jpg 300w, https:\/\/elmuseoreimaginado.com\/2015\/wp-content\/uploads\/2015\/02\/american-alliance-of-museums-copy-300x181-245x150.jpg 245w, https:\/\/elmuseoreimaginado.com\/2015\/wp-content\/uploads\/2015\/02\/american-alliance-of-museums-copy-300x181-200x121.jpg 200w\" sizes=\"auto, (max-width: 175px) 100vw, 175px\" \/><\/a><\/strong><\/h3>\n<p><strong>American Alliance of Museums<\/strong><br \/>\nLa organizaci\u00f3n de museos m\u00e1s grande del mundo, la Alianza Americana de Museos (AAM) fortalece la gesti\u00f3n de los mismos a trav\u00e9s del liderazgo, la promoci\u00f3n y la colaboraci\u00f3n. AAM re\u00fane a los museos de los Estados Unidos desde 1906, ayudando a desarrollar est\u00e1ndares y buenas pr\u00e1cticas. Ofrece recursos esenciales y desarrollo profesional y promociona cuestiones de inter\u00e9s para la comunidad de museos. AAM cuenta con cerca de 22.000 instituciones y personas, miembros de todos los estados de Estados Unidos y cerca de 60 pa\u00edses de todo el mundo. AAM trabaja en cercana colaboraci\u00f3n con ICOM-US, una organizaci\u00f3n sin fines de lucro y no gubernamental dedicada al mejoramiento y el avance de los museos del mundo y la profesi\u00f3n muse\u00edstica as\u00ed como la preservaci\u00f3n del patrimonio cultural. La misi\u00f3n de ICOM-US incluye el asesoramiento y el crecimiento de la participaci\u00f3n de los profesionales de museos de los Estados Unidos en la comunidad cultural del mundo, as\u00ed como representar y argumentar a favor de los intereses internacionales de los museos de ese pa\u00eds, sus colaboraciones y sus perspectivas.<br \/>\n<a href=\"http:\/\/elmuseoreimaginado.com\/2015\/wp-content\/uploads\/2015\/03\/Fundaci\u00f3n-TyPA-e1426825668687.png\"><img loading=\"lazy\" decoding=\"async\" class=\" size-full wp-image-313 alignnone\" src=\"http:\/\/elmuseoreimaginado.com\/2015\/wp-content\/uploads\/2015\/03\/Fundaci\u00f3n-TyPA-e1426825668687.png\" alt=\"Fundaci\u00f3n TyPA\" width=\"90\" height=\"87\" \/><\/a><\/p>\n<p><strong>Fundaci\u00f3n TyPA &#8211; Teor\u00eda y Pr\u00e1ctica de las Artes<\/strong><br \/>\nRadicada en Buenos Aires, Fundaci\u00f3n TyPA promueve desde 2004 la capacitaci\u00f3n y la promoci\u00f3n en los campos de la literatura, los museos, el cine de autor y las artes en toda Am\u00e9rica Latina. Organiza talleres y conferencias, conduce y publica investigaciones, provee asesoramiento y organiza redes de colaboraci\u00f3n para apoyar la producci\u00f3n cultural y su circulaci\u00f3n por el mundo. En los \u00faltimos 10 a\u00f1os, TyPA invit\u00f3 a expertos de instituciones l\u00edderes del mundo a Am\u00e9rica Latina para ense\u00f1ar y cotejar experiencias en provecho de m\u00e1s de 500 profesionales de museos. Algunos programas recientes incluyen encuentros sobre arte e inclusi\u00f3n social, gesti\u00f3n creativa, el papel del\u00a0p\u00fablico, comunicaci\u00f3n y mercado, y el dise\u00f1o de experiencias creativas. El Laboratorio TyPA de Gesti\u00f3n en Museos, creado para capacitar una nueva generaci\u00f3n de l\u00edderes de museos en Am\u00e9rica Latina, fue iniciado en 2013 y es considerado como uno de los m\u00e1s originales y efectivos institutos de capacitaci\u00f3n para profesionales de museos de la regi\u00f3n.<\/p>\n<p><\/div><br \/>\n<h3 id=\"equipo\" class=\"accordion-title\" role=\"tab\" aria-controls=\"content-equipo\" aria-selected=\"false\" aria-expanded=\"false\">Equipo<\/h3><div id=\"content-equipo\" class=\"accordion-content\" role=\"tabpanel\" aria-labelledby=\"equipo\" aria-hidden=\"true\"><b>Equipo de El Museo Reimaginado<\/b><\/p>\n<p><b>Fundaci\u00f3n TyPA &#8211; Teor\u00eda y Pr\u00e1ctica de las Artes<\/b><\/p>\n<p>Direcci\u00f3n: Am\u00e9rico Castilla<br \/>\nCoordinaci\u00f3n general: Juana Torino<br \/>\nProgramaci\u00f3n: Ana van Tuyll<br \/>\nNetworking: Violeta Bronstein<br \/>\nComunicaci\u00f3n: Tatiana Becco<br \/>\nAsesora en comunicaci\u00f3n: Guadalupe Requena<br \/>\nProducci\u00f3n: Maia P\u00e9rsico<br \/>\nExpo: M\u00f3nica P\u00e9rez<br \/>\nCoordinaci\u00f3n de voluntarios: Florencia Gonz\u00e1lez Langarica y Agustina Lipovich<br \/>\nAdministraci\u00f3n: Mar\u00eda del Mar Espinosa<\/p>\n<p><b>AAM &#8211; American Alliance of Museums<br \/>\n<\/b>Dean Phelus<br \/>\nMadeline Vadkerty<br \/>\n<\/div><h3 id=\"asesores\" class=\"accordion-title\" role=\"tab\" aria-controls=\"content-asesores\" aria-selected=\"false\" aria-expanded=\"false\">Asesores<\/h3><div id=\"content-asesores\" class=\"accordion-content\" role=\"tabpanel\" aria-labelledby=\"asesores\" aria-hidden=\"true\">El Museo Reimaginado cuenta adem\u00e1s con un comit\u00e9 asesor conformado por:\u00a0<strong>Leslie Bedford<\/strong> &#8211; Consultora en museos, USA;\u00a0<strong>Kathy Dwyer Southern<\/strong> &#8211;\u00a0Co-Chair ICOM-US\u00a0Faculty, George Washington University, USA; <strong>Ticio Escobar<\/strong> &#8211; Director, Museo de Arte Ind\u00edgena, Centro de Artes Visuales, Paraguay; <strong>Claudio G\u00f3mez Papic<\/strong> &#8211; Director, Museo Nacional de Historia Natural, Chile; <strong>Mar\u00eda Mercedes Gonz\u00e1lez<\/strong> &#8211; Directora, Museo de Arte Moderno de Medell\u00edn, Colombia; <strong>Elaine Heumann Gurian<\/strong> &#8211; Consultora en museos, USA; <strong>Silvia Singer<\/strong> &#8211; Directora, MIDE. Mexico &amp;\u00a0AAM Board Member; <strong>Mar\u00eda Eugenia Salcedo Repol\u00eas<\/strong> &#8211; Gerente de educaci\u00f3n, Instituto Inhotim, Brasil.;\u00a0<strong>Carlos Tortolero<\/strong> &#8211;\u00a0Presidente, National Museum of Mexican Art, USA &amp; AAM Board Member;\u00a0<strong>James Volkert<\/strong> &#8211; Director de Exhibition Associates, USA;\u00a0<strong>Deborah Ziska<\/strong> &#8211; Directora\u00a0Press &amp; Public Information, National Gallery of Art, USA &amp;\u00a0ICOM-US Board Member.<\/div> <h3 id=\"museos-amigos\" class=\"accordion-title\" role=\"tab\" aria-controls=\"content-museos-amigos\" aria-selected=\"false\" aria-expanded=\"false\">Museos Amigos<\/h3><div id=\"content-museos-amigos\" class=\"accordion-content\" role=\"tabpanel\" aria-labelledby=\"museos-amigos\" aria-hidden=\"true\">Conoc\u00e9 m\u00e1s sobre la propuesta de estos espacios culturales destacados de la ciudad y sus alrededores, todos ellos Amigos de El Museo Reimaginado. Visitados antes, durante y despu\u00e9s del encuentro.<\/p>\n<p><strong>MAMBA \/ Museo de Arte Moderno de Buenos Aires<\/strong><br \/>\nAv. San Juan 350, San Telmo<br \/>\n<a href=\"http:\/\/www.museodeartemoderno.buenosaires.gob.ar\">www.museodeartemoderno.buenosaires.gob.ar<\/a><\/p>\n<p>El MAMBA es el museo de referencia de la Argentina en materia de arte argentino moderno y contempor\u00e1neo. Cuenta con una amplia oferta de exposiciones, programas p\u00fablicos y un fuerte proyecto editorial.<br \/>\nEl MAMBA recibi\u00f3 a todos los participantes de El Museo Reimaginado para brindar por el inicio de este encuentro y recorrer sus exposiciones, entre ellas \u201cLa paradoja en el centro &#8211; Ritmos de la materia en el arte Argentino de los 60\u201d.<br \/>\n<em>Brindis de apertura y visita al museo. Martes 1 de septiembre, 19:00 a 21:00hs.<\/em><\/p>\n<p><a href=\"http:\/\/elmuseoreimaginado.com\/2015\/wp-content\/uploads\/2015\/06\/mamba.jpg\"><img loading=\"lazy\" decoding=\"async\" class=\" size-medium wp-image-1295 alignnone\" src=\"http:\/\/elmuseoreimaginado.com\/2015\/wp-content\/uploads\/2015\/06\/mamba-300x200.jpg\" alt=\"mamba\" width=\"300\" height=\"200\" srcset=\"https:\/\/elmuseoreimaginado.com\/2015\/wp-content\/uploads\/2015\/06\/mamba-300x200.jpg 300w, https:\/\/elmuseoreimaginado.com\/2015\/wp-content\/uploads\/2015\/06\/mamba-1024x683.jpg 1024w, https:\/\/elmuseoreimaginado.com\/2015\/wp-content\/uploads\/2015\/06\/mamba-200x133.jpg 200w\" sizes=\"auto, (max-width: 300px) 100vw, 300px\" \/><\/a><\/p>\n<p><strong>MNBA \/ Museo Nacional de Bellas Artes<\/strong><br \/>\nAv. del Libertador 1473, Recoleta<br \/>\n<a href=\"http:\/\/www.mnba.gob.ar\">www.mnba.gob.ar<\/a><\/p>\n<p>El MNBA, fundado en 1896, posee una de las colecciones de artes visuales m\u00e1s relevantes de Am\u00e9rica Latina, entre las que se destacan el Arte Europeo del S.XIX y el Arte Argentino.<br \/>\n<em>El MNBA invit\u00f3 a recorrer la exposici\u00f3n temporaria \u201cTekopor\u00e3, arte ind\u00edgena y popular del Paraguay. Colecci\u00f3n Museo del Barro\u201d, curada por Ticio Escobar (qui\u00e9n estar\u00e1 presente en la visita), y las reci\u00e9n reinauguradas salas de la colecci\u00f3n permanente. Como cierre, un brindis en las terrazas del museo.<\/em><br \/>\n<em>Visita y brindis. Mi\u00e9rcoles 2 de septiembre, 18:30 a 20:30hs.<\/em><\/p>\n<p><a href=\"http:\/\/elmuseoreimaginado.com\/2015\/wp-content\/uploads\/2015\/06\/MNBA.jpg\"><img loading=\"lazy\" decoding=\"async\" class=\" size-medium wp-image-1299 alignnone\" src=\"http:\/\/elmuseoreimaginado.com\/2015\/wp-content\/uploads\/2015\/06\/MNBA-300x200.jpg\" alt=\"MNBA\" width=\"300\" height=\"200\" srcset=\"https:\/\/elmuseoreimaginado.com\/2015\/wp-content\/uploads\/2015\/06\/MNBA-300x200.jpg 300w, https:\/\/elmuseoreimaginado.com\/2015\/wp-content\/uploads\/2015\/06\/MNBA-1024x683.jpg 1024w, https:\/\/elmuseoreimaginado.com\/2015\/wp-content\/uploads\/2015\/06\/MNBA-200x133.jpg 200w\" sizes=\"auto, (max-width: 300px) 100vw, 300px\" \/><\/a><\/p>\n<p><strong>MALBA \/ Museo de Arte Latinoamericano de Buenos Aires<\/strong><br \/>\nAv Pres. Figueroa Alcorta 3415, Palermo<br \/>\n<a href=\"http:\/\/www.malba.org.ar\">www.malba.org.ar<\/a><\/p>\n<p>MALBA conserva y exhibe obras de los principales artistas modernos y contempor\u00e1neos de Am\u00e9rica Latina, desde principios del siglo XX hasta la actualidad. Combina exposiciones temporarias con la exhibici\u00f3n estable de su colecci\u00f3n, y ofrece diversas actividades culturales y educativas.<br \/>\n<em>MALBA invit\u00f3 a recorrer el museo, visitando la colecci\u00f3n y la exposici\u00f3n temporaria \u201cPolesello joven 1958-1974\u201d, sobre el reconocido artista argentino. Para finalizar, un brindis en el marco de su impactante arquitectura.<\/em><br \/>\n<em>Visita y brindis. Mi\u00e9rcoles 2 de septiembre, 18:30 a 20:30hs.<\/em><\/p>\n<p><a href=\"http:\/\/elmuseoreimaginado.com\/2015\/wp-content\/uploads\/2015\/06\/Malba.jpg\"><img loading=\"lazy\" decoding=\"async\" class=\" size-medium wp-image-1294 alignnone\" src=\"http:\/\/elmuseoreimaginado.com\/2015\/wp-content\/uploads\/2015\/06\/Malba-300x225.jpg\" alt=\"Malba\" width=\"300\" height=\"225\" srcset=\"https:\/\/elmuseoreimaginado.com\/2015\/wp-content\/uploads\/2015\/06\/Malba-300x225.jpg 300w, https:\/\/elmuseoreimaginado.com\/2015\/wp-content\/uploads\/2015\/06\/Malba-200x150.jpg 200w\" sizes=\"auto, (max-width: 300px) 100vw, 300px\" \/><\/a><\/p>\n<p><strong>CCK \/ Centro Cultural Kirchner<\/strong><br \/>\nSarmiento 151, Centro<br \/>\n<a href=\"http:\/\/www.culturalkirchner.gob.ar\">www.culturalkirchner.gob.ar<\/a><\/p>\n<p>El CCK funciona en un edificio hist\u00f3rico y emblem\u00e1tico -el antiguo Palacio de Correos- que fue recuperado por el Estado para ser transformado en un gran centro cultural (100.000 m2), inaugurado en mayo 2015.<br \/>\n<em>El CCK propuso recorrer sus diferentes exposiciones y conocer el Mercado de Industrias Culturales Argentinas. A las 20hs. invit\u00f3 a presenciar un espect\u00e1culo multidisciplinario en el Auditorio de la Ballena Azul, sobre 200 a\u00f1os de historia y cultura argentina (disponibilidad 300 entradas).<\/em><br \/>\n<em>Visita y espect\u00e1culo. Jueves 3 de septiembre, 18:30 a 21hs.<\/em><\/p>\n<p><a href=\"http:\/\/elmuseoreimaginado.com\/2015\/wp-content\/uploads\/2015\/06\/CCK1.jpg\"><img loading=\"lazy\" decoding=\"async\" class=\" size-medium wp-image-1300 alignnone\" src=\"http:\/\/elmuseoreimaginado.com\/2015\/wp-content\/uploads\/2015\/06\/CCK1-300x200.jpg\" alt=\"CCK\" width=\"300\" height=\"200\" srcset=\"https:\/\/elmuseoreimaginado.com\/2015\/wp-content\/uploads\/2015\/06\/CCK1-300x200.jpg 300w, https:\/\/elmuseoreimaginado.com\/2015\/wp-content\/uploads\/2015\/06\/CCK1-1024x683.jpg 1024w, https:\/\/elmuseoreimaginado.com\/2015\/wp-content\/uploads\/2015\/06\/CCK1-200x133.jpg 200w\" sizes=\"auto, (max-width: 300px) 100vw, 300px\" \/><\/a><\/p>\n<p><strong>Museo del Cine Pablo Ducr\u00f3s Hicken<\/strong><br \/>\nAgust\u00edn R. Caffarena 51, La Boca<br \/>\n<a href=\"http:\/\/www.museodelcine.buenosaires.gob.ar\">www.museodelcine.buenosaires.gob.ar<\/a><\/p>\n<p>\u00danico museo en el pa\u00eds dedicado al cine y pionero en su g\u00e9nero en Am\u00e9rica Latina, fue fundado en 1972 a partir de la colecci\u00f3n privada del investigador Ducros Hicken. Cuenta con el archivo de material f\u00edlmico, fotograf\u00edas y vestuario de cine m\u00e1s grande e importante de la Argentina. En 2011 se inaugur\u00f3 su nueva sede, en un edificio hist\u00f3rico del barrio de La Boca.<br \/>\n<em>Sede de algunos talleres de El Museo Reimaginado.<\/em><\/p>\n<p><a href=\"http:\/\/elmuseoreimaginado.com\/2015\/wp-content\/uploads\/2015\/06\/Cine.jpg\"><img loading=\"lazy\" decoding=\"async\" class=\" size-medium wp-image-1293 alignnone\" src=\"http:\/\/elmuseoreimaginado.com\/2015\/wp-content\/uploads\/2015\/06\/Cine-300x248.jpg\" alt=\"Cine\" width=\"300\" height=\"248\" srcset=\"https:\/\/elmuseoreimaginado.com\/2015\/wp-content\/uploads\/2015\/06\/Cine-300x248.jpg 300w, https:\/\/elmuseoreimaginado.com\/2015\/wp-content\/uploads\/2015\/06\/Cine-200x166.jpg 200w, https:\/\/elmuseoreimaginado.com\/2015\/wp-content\/uploads\/2015\/06\/Cine.jpg 750w\" sizes=\"auto, (max-width: 300px) 100vw, 300px\" \/><\/a><\/p>\n<p><strong>Museo de la Ciudad de Buenos Aires<\/strong><br \/>\nDefensa 185, Centro<br \/>\n<a href=\"http:\/\/www.museodelaciudad.buenosaires.gob.ar\">www.museodelaciudad.buenosaires.gob.ar<\/a><\/p>\n<p>Creado en 1968 con el fin de reflexionar sobre la memoria de los porte\u00f1os a trav\u00e9s de los objetos de la vida cotidiana, el museo ocupa cuatro edificios (dos en restauraci\u00f3n) que constituyen uno de los pocos ejemplos existentes de viviendas en Buenos Aires a mediados del siglo XVIII y la primera mitad del XIX.<br \/>\n<em>La casa Altos de Elorriaga (1808) fue el escenario ideal para la fiesta de cierre de El Museo Reimaginado. Viernes 5 de septiembre, 19 a 22hs.<\/em><\/p>\n<p><a href=\"http:\/\/elmuseoreimaginado.com\/2015\/wp-content\/uploads\/2015\/06\/Museo-de-la-Ciudad.png\"><img loading=\"lazy\" decoding=\"async\" class=\" size-medium wp-image-1301 alignnone\" src=\"http:\/\/elmuseoreimaginado.com\/2015\/wp-content\/uploads\/2015\/06\/Museo-de-la-Ciudad-300x225.png\" alt=\"Museo de la Ciudad\" width=\"300\" height=\"225\" srcset=\"https:\/\/elmuseoreimaginado.com\/2015\/wp-content\/uploads\/2015\/06\/Museo-de-la-Ciudad-300x225.png 300w, https:\/\/elmuseoreimaginado.com\/2015\/wp-content\/uploads\/2015\/06\/Museo-de-la-Ciudad-200x150.png 200w, https:\/\/elmuseoreimaginado.com\/2015\/wp-content\/uploads\/2015\/06\/Museo-de-la-Ciudad.png 500w\" sizes=\"auto, (max-width: 300px) 100vw, 300px\" \/><\/a><\/p>\n<p><strong>MAT \/ Museo de Arte Tigre<\/strong><br \/>\nPaseo Victorica 972, Tigre, Pcia. de Buenos Aires.<br \/>\n<a href=\"http:\/\/www.mat.gov.ar\">www.mat.gov.ar<\/a><\/p>\n<p>Concebido como una casa-museo, el MAT funciona en un edificio hist\u00f3rico del Delta, ejemplo de la arquitectura Beaux Art. Posee una colecci\u00f3n de arte argentino del S.XIX y XX, y organiza exhibiciones temporarias.\u00a0<span style=\"font-weight: 400;\">Ahora pod\u00e9s visitar \u201cXul Solar. Un imaginero en el Delta\u201d, con pinturas y objetos creados por el artista.<\/span><br \/>\n<em>La Agencia de Cultura de Tigre invit\u00f3 a un paseo en barco por el Delta, un paisaje natural inigualable, con una parada en el Museo Sarmiento. Luego, el MAT propone recorrer el museo y compartir un almuerzo informal.\u00a0<\/em><br \/>\n<em>Paseo por el Delta y visita al MAT. S\u00e1bado 5 de septiembre, 10:30 a 15:30hs.<\/em><\/p>\n<p><a href=\"http:\/\/elmuseoreimaginado.com\/2015\/wp-content\/uploads\/2015\/06\/MAT.jpg\"><img loading=\"lazy\" decoding=\"async\" class=\" size-medium wp-image-1296 alignnone\" src=\"http:\/\/elmuseoreimaginado.com\/2015\/wp-content\/uploads\/2015\/06\/MAT-300x199.jpg\" alt=\"MAT\" width=\"300\" height=\"199\" srcset=\"https:\/\/elmuseoreimaginado.com\/2015\/wp-content\/uploads\/2015\/06\/MAT-300x199.jpg 300w, https:\/\/elmuseoreimaginado.com\/2015\/wp-content\/uploads\/2015\/06\/MAT-1024x681.jpg 1024w, https:\/\/elmuseoreimaginado.com\/2015\/wp-content\/uploads\/2015\/06\/MAT-200x133.jpg 200w\" sizes=\"auto, (max-width: 300px) 100vw, 300px\" \/><\/a><\/p>\n<p><strong>Fundacion Proa<\/strong><br \/>\nAv. Pedro de Mendoza 1929, La Boca<br \/>\n<a href=\"http:\/\/www.proa.org\">www.proa.org<\/a><\/p>\n<p>Instituci\u00f3n cultural ubicada en el barrio de La Boca, dentro del Distrito de las Artes de la Zona Sur, y punto de referencia ineludible para las artes visuales contempor\u00e1neas. Ofrece exhibiciones temporarias y organiza seminarios, conferencias, ciclos de m\u00fasica, cine y teatro. En su web desarrolla contenidos acad\u00e9micos, TV y Radio. Sus propuestas se centran en los grandes movimientos art\u00edsticos del S. XX y XXI, y en el desarrollo de Programas de educaci\u00f3n, con el apoyo permanente de la Organizaci\u00f3n Techint.<br \/>\n<em>Se pudo\u00a0recorrer la exhibici\u00f3n \u201cDaros Latinoam\u00e9rica\u201d (<span style=\"font-weight: 400;\">un panorama de las nuevas pr\u00e1cticas art\u00edsticas del continente)<\/span>, visitar la Librer\u00eda Proa y el Caf\u00e9 Proa, con una vista inigualable desde su terraza.\u00a0<\/em><br \/>\n<em>Visitas\u00a0de martes a domingo, de 11 a 19hs.<\/em><\/p>\n<p><a href=\"http:\/\/elmuseoreimaginado.com\/2015\/wp-content\/uploads\/2015\/06\/Proa.jpg\"><img loading=\"lazy\" decoding=\"async\" class=\" size-medium wp-image-1302 alignnone\" src=\"http:\/\/elmuseoreimaginado.com\/2015\/wp-content\/uploads\/2015\/06\/Proa-300x200.jpg\" alt=\"Proa\" width=\"300\" height=\"200\" srcset=\"https:\/\/elmuseoreimaginado.com\/2015\/wp-content\/uploads\/2015\/06\/Proa-300x200.jpg 300w, https:\/\/elmuseoreimaginado.com\/2015\/wp-content\/uploads\/2015\/06\/Proa-200x133.jpg 200w, https:\/\/elmuseoreimaginado.com\/2015\/wp-content\/uploads\/2015\/06\/Proa.jpg 660w\" sizes=\"auto, (max-width: 300px) 100vw, 300px\" \/><\/a><\/p>\n<p><strong>Espacio Fundaci\u00f3n Telef\u00f3nica<\/strong><br \/>\nArenales 1540, Recoleta<br \/>\n<a href=\"http:\/\/www.fundaciontelefonica.com.ar\">www.fundaciontelefonica.com.ar<\/a><\/p>\n<p>Espacio Fundaci\u00f3n Telef\u00f3nica ofrece diferentes iniciativas que acompa\u00f1an el impulso de la Cultura Digital. Organiza exposiciones, talleres para familias y escuelas, y ciclos de conferencias.<br \/>\n<em>Se pudo\u00a0visitar la exposici\u00f3n permanente \u201cEcosistema de la comunicaci\u00f3n\u201d y la temporaria \u201cBig Bang Data\u201d, con diferentes enfoques sobre estos fen\u00f3menos de evoluci\u00f3n tecnol\u00f3gica.<\/em><br \/>\n<em>Visitas de lunes a s\u00e1bado, de 14 a 20:30hs.<\/em><\/p>\n<p><a href=\"http:\/\/elmuseoreimaginado.com\/2015\/wp-content\/uploads\/2015\/06\/Telefonica.jpg\"><img loading=\"lazy\" decoding=\"async\" class=\" size-medium wp-image-1303 alignnone\" src=\"http:\/\/elmuseoreimaginado.com\/2015\/wp-content\/uploads\/2015\/06\/Telefonica-215x300.jpg\" alt=\"Telefonica\" width=\"215\" height=\"300\" srcset=\"https:\/\/elmuseoreimaginado.com\/2015\/wp-content\/uploads\/2015\/06\/Telefonica-215x300.jpg 215w, https:\/\/elmuseoreimaginado.com\/2015\/wp-content\/uploads\/2015\/06\/Telefonica-734x1024.jpg 734w, https:\/\/elmuseoreimaginado.com\/2015\/wp-content\/uploads\/2015\/06\/Telefonica-143x200.jpg 143w\" sizes=\"auto, (max-width: 215px) 100vw, 215px\" \/><\/a><\/p>\n<p><\/div><br \/>\n<\/div><\/p>","protected":false},"excerpt":{"rendered":"<p>Todo lo que necesit\u00e1s saber sobre El Museo Reimaginado.<\/p>\n","protected":false},"author":4,"featured_media":0,"parent":0,"menu_order":0,"comment_status":"open","ping_status":"open","template":"","meta":{"_acf_changed":false,"footnotes":""},"class_list":["post-1025","page","type-page","status-publish","hentry"],"acf":[],"_links":{"self":[{"href":"https:\/\/elmuseoreimaginado.com\/2015\/wp-json\/wp\/v2\/pages\/1025","targetHints":{"allow":["GET"]}}],"collection":[{"href":"https:\/\/elmuseoreimaginado.com\/2015\/wp-json\/wp\/v2\/pages"}],"about":[{"href":"https:\/\/elmuseoreimaginado.com\/2015\/wp-json\/wp\/v2\/types\/page"}],"author":[{"embeddable":true,"href":"https:\/\/elmuseoreimaginado.com\/2015\/wp-json\/wp\/v2\/users\/4"}],"replies":[{"embeddable":true,"href":"https:\/\/elmuseoreimaginado.com\/2015\/wp-json\/wp\/v2\/comments?post=1025"}],"version-history":[{"count":34,"href":"https:\/\/elmuseoreimaginado.com\/2015\/wp-json\/wp\/v2\/pages\/1025\/revisions"}],"predecessor-version":[{"id":1405,"href":"https:\/\/elmuseoreimaginado.com\/2015\/wp-json\/wp\/v2\/pages\/1025\/revisions\/1405"}],"wp:attachment":[{"href":"https:\/\/elmuseoreimaginado.com\/2015\/wp-json\/wp\/v2\/media?parent=1025"}],"curies":[{"name":"wp","href":"https:\/\/api.w.org\/{rel}","templated":true}]}}