{"id":802,"date":"2015-05-20T19:57:43","date_gmt":"2015-05-20T19:57:43","guid":{"rendered":"http:\/\/elmuseoreimaginado.com\/2015\/en\/?page_id=802"},"modified":"2024-05-21T22:19:27","modified_gmt":"2024-05-21T22:19:27","slug":"en-program","status":"publish","type":"page","link":"https:\/\/elmuseoreimaginado.com\/2015\/en-program\/","title":{"rendered":"Agenda"},"content":{"rendered":"<p>Conoc\u00e9 la programaci\u00f3n d\u00eda a d\u00eda.\u00a0<a href=\"http:\/\/elmuseoreimaginado.com\/2015\/wp-content\/uploads\/2015\/05\/EMR-Programa-ES.pdf\" target=\"_blank\" rel=\"noopener\">Descarg\u00e1 el programa completo<\/a>.<\/p>","protected":false},"excerpt":{"rendered":"<p>Conoc\u00e9 la programaci\u00f3n d\u00eda a d\u00eda.\u00a0Descarg\u00e1 el programa completo.<\/p>\n","protected":false},"author":4,"featured_media":0,"parent":0,"menu_order":0,"comment_status":"open","ping_status":"closed","template":"page-programa.php","meta":{"_acf_changed":false,"footnotes":""},"class_list":["post-802","page","type-page","status-publish","hentry"],"acf":[],"_links":{"self":[{"href":"https:\/\/elmuseoreimaginado.com\/2015\/wp-json\/wp\/v2\/pages\/802","targetHints":{"allow":["GET"]}}],"collection":[{"href":"https:\/\/elmuseoreimaginado.com\/2015\/wp-json\/wp\/v2\/pages"}],"about":[{"href":"https:\/\/elmuseoreimaginado.com\/2015\/wp-json\/wp\/v2\/types\/page"}],"author":[{"embeddable":true,"href":"https:\/\/elmuseoreimaginado.com\/2015\/wp-json\/wp\/v2\/users\/4"}],"replies":[{"embeddable":true,"href":"https:\/\/elmuseoreimaginado.com\/2015\/wp-json\/wp\/v2\/comments?post=802"}],"version-history":[{"count":11,"href":"https:\/\/elmuseoreimaginado.com\/2015\/wp-json\/wp\/v2\/pages\/802\/revisions"}],"predecessor-version":[{"id":1646,"href":"https:\/\/elmuseoreimaginado.com\/2015\/wp-json\/wp\/v2\/pages\/802\/revisions\/1646"}],"wp:attachment":[{"href":"https:\/\/elmuseoreimaginado.com\/2015\/wp-json\/wp\/v2\/media?parent=802"}],"curies":[{"name":"wp","href":"https:\/\/api.w.org\/{rel}","templated":true}]}}